{"id":2,"date":"2010-01-27T11:49:38","date_gmt":"2010-01-27T10:49:38","guid":{"rendered":"http:\/\/www.grundschule-birkesdorf.de\/kgsbd\/?page_id=2"},"modified":"2026-04-21T04:48:19","modified_gmt":"2026-04-21T03:48:19","slug":"eine-seite","status":"publish","type":"page","link":"https:\/\/www.grundschule-birkesdorf.de\/","title":{"rendered":"Herzlich willkommen!"},"content":{"rendered":"<h3 style=\"text-align: center;\">Sie befinden sich auf der Homepage der<\/h3>\n<p style=\"text-align: center;\"><img loading=\"lazy\" decoding=\"async\" class=\"aligncenter  wp-image-2945\" src=\"https:\/\/www.grundschule-birkesdorf.de\/kgsbd\/wp-content\/uploads\/2024\/02\/GGS-Logo.png\" alt=\"\" width=\"511\" height=\"150\" srcset=\"https:\/\/www.grundschule-birkesdorf.de\/kgsbd\/wp-content\/uploads\/2024\/02\/GGS-Logo.png 661w, https:\/\/www.grundschule-birkesdorf.de\/kgsbd\/wp-content\/uploads\/2024\/02\/GGS-Logo-300x88.png 300w\" sizes=\"auto, (max-width: 511px) 100vw, 511px\" \/><\/p>\n<h2 style=\"text-align: center;\"><span style=\"color: #1e73be;\">St\u00e4dt. Gemeinschaftsgrundschule Birkesdorf<\/span><\/h2>\n<h3 style=\"text-align: center;\"><em>Schule f\u00fcr Gemeinsames Lernen<\/em><\/h3>\n<h3 style=\"text-align: center;\"><em>Offene Ganztags<\/em><em>schule <\/em><\/h3>\n<h3 style=\"text-align: center;\">Weidenpesch 6-8, 52353 D\u00fcren<\/h3>\n<h3 style=\"text-align: center;\">02421-990220<\/h3>\n<p style=\"text-align: center;\">.<\/p>\n<p>*****\u00a0 \u00a0 \u00a0*****\u00a0 \u00a0 \u00a0*****\u00a0 \u00a0 \u00a0*****\u00a0 \u00a0\u00a0<\/p>\n<p><img loading=\"lazy\" decoding=\"async\" class=\"aligncenter size-large wp-image-3118\" src=\"https:\/\/www.grundschule-birkesdorf.de\/kgsbd\/wp-content\/uploads\/2026\/04\/Screenshot_20260421_054511_Firefox-771x1024.jpg\" alt=\"Plakat Spendenlauf der GGS Birkesdorf 2026\" width=\"640\" height=\"850\" srcset=\"https:\/\/www.grundschule-birkesdorf.de\/kgsbd\/wp-content\/uploads\/2026\/04\/Screenshot_20260421_054511_Firefox-771x1024.jpg 771w, https:\/\/www.grundschule-birkesdorf.de\/kgsbd\/wp-content\/uploads\/2026\/04\/Screenshot_20260421_054511_Firefox-226x300.jpg 226w, https:\/\/www.grundschule-birkesdorf.de\/kgsbd\/wp-content\/uploads\/2026\/04\/Screenshot_20260421_054511_Firefox-768x1020.jpg 768w, https:\/\/www.grundschule-birkesdorf.de\/kgsbd\/wp-content\/uploads\/2026\/04\/Screenshot_20260421_054511_Firefox.jpg 942w\" sizes=\"auto, (max-width: 640px) 100vw, 640px\" \/><\/p>\n<p style=\"text-align: center;\">*****\u00a0 \u00a0 \u00a0*****\u00a0 \u00a0 \u00a0*****\u00a0 \u00a0 \u00a0*****\u00a0 \u00a0\u00a0<\/p>\n<p style=\"text-align: center;\"><img loading=\"lazy\" decoding=\"async\" class=\"aligncenter size-full wp-image-93\" title=\"Logo_Foerderverein\" src=\"https:\/\/www.grundschule-birkesdorf.de\/kgsbd\/wp-content\/uploads\/2010\/01\/Logo_Foerderverein.jpg\" alt=\"\" width=\"300\" height=\"212\" \/><\/p>\n<p style=\"text-align: center;\">*****\u00a0\u00a0\u00a0\u00a0 *****\u00a0\u00a0\u00a0\u00a0 *****\u00a0\u00a0\u00a0\u00a0 *****\u00a0\u00a0\u00a0\u00a0 *****\u00a0<\/p>\n\n\n<p><\/p>\n\n\n\n<p><\/p>\n\n\n\n<p>*****&nbsp;&nbsp;&nbsp;&nbsp; *****&nbsp;&nbsp;&nbsp;&nbsp; *****&nbsp;&nbsp;&nbsp;&nbsp; *****&nbsp;&nbsp;&nbsp;&nbsp; *****&nbsp;<\/p>\n\n\n\n<p>Diese \u00dcbersicht \u00fcber die Arbeit unserer Schule wird regelm\u00e4\u00dfig aktualisiert; f\u00fcr Anregungen aus der Elternschaft oder auch anderer Personen sind wir dankbar.<\/p>\n\n\n\n<p><\/p>\n","protected":false},"excerpt":{"rendered":"<p>Sie befinden sich auf der Homepage der St\u00e4dt. Gemeinschaftsgrundschule Birkesdorf Schule f\u00fcr Gemeinsames Lernen Offene Ganztagsschule Weidenpesch 6-8, 52353 D\u00fcren 02421-990220 . *****\u00a0 \u00a0 \u00a0*****\u00a0 \u00a0 \u00a0*****\u00a0 \u00a0 \u00a0*****\u00a0 \u00a0\u00a0 *****\u00a0 \u00a0 \u00a0*****\u00a0 \u00a0 \u00a0*****\u00a0 \u00a0 \u00a0*****\u00a0 \u00a0\u00a0 *****\u00a0\u00a0\u00a0\u00a0 *****\u00a0\u00a0\u00a0\u00a0 &hellip; <a href=\"https:\/\/www.grundschule-birkesdorf.de\/\">Weiterlesen <span class=\"meta-nav\">&rarr;<\/span><\/a><\/p>\n","protected":false},"author":1,"featured_media":0,"parent":0,"menu_order":0,"comment_status":"closed","ping_status":"closed","template":"","meta":{"footnotes":""},"class_list":["post-2","page","type-page","status-publish","hentry"],"_links":{"self":[{"href":"https:\/\/www.grundschule-birkesdorf.de\/index.php?rest_route=\/wp\/v2\/pages\/2","targetHints":{"allow":["GET"]}}],"collection":[{"href":"https:\/\/www.grundschule-birkesdorf.de\/index.php?rest_route=\/wp\/v2\/pages"}],"about":[{"href":"https:\/\/www.grundschule-birkesdorf.de\/index.php?rest_route=\/wp\/v2\/types\/page"}],"author":[{"embeddable":true,"href":"https:\/\/www.grundschule-birkesdorf.de\/index.php?rest_route=\/wp\/v2\/users\/1"}],"replies":[{"embeddable":true,"href":"https:\/\/www.grundschule-birkesdorf.de\/index.php?rest_route=%2Fwp%2Fv2%2Fcomments&post=2"}],"version-history":[{"count":106,"href":"https:\/\/www.grundschule-birkesdorf.de\/index.php?rest_route=\/wp\/v2\/pages\/2\/revisions"}],"predecessor-version":[{"id":3119,"href":"https:\/\/www.grundschule-birkesdorf.de\/index.php?rest_route=\/wp\/v2\/pages\/2\/revisions\/3119"}],"wp:attachment":[{"href":"https:\/\/www.grundschule-birkesdorf.de\/index.php?rest_route=%2Fwp%2Fv2%2Fmedia&parent=2"}],"curies":[{"name":"wp","href":"https:\/\/api.w.org\/{rel}","templated":true}]}}