{"id":219,"date":"2010-02-02T13:22:36","date_gmt":"2010-02-02T12:22:36","guid":{"rendered":"http:\/\/www.grundschule-birkesdorf.de\/kgsbd\/?page_id=219"},"modified":"2025-09-14T11:35:07","modified_gmt":"2025-09-14T10:35:07","slug":"betreuungsangebote","status":"publish","type":"page","link":"https:\/\/www.grundschule-birkesdorf.de\/?page_id=219","title":{"rendered":"Betreuungsangebote"},"content":{"rendered":"<p><strong><u>Nachunterrichtliche Betreuung<\/u><\/strong><\/p>\n<p>Unsere Schule bietet folgende Betreuungsformen an:<\/p>\n<p><strong><u>Betreuungsangebote des F\u00f6rdervereins<\/u><\/strong><\/p>\n<p><strong><u>Betreuungsangebot bis 14.30 Uhr -Regenbogengruppe<\/u><\/strong><\/p>\n<p>In der Regenbogen-Betreuung werden die Kinder t\u00e4glich (Mo &#8211; Fr) in der Zeit von 11.30 Uhr bis 14.30 Uhr betreut. 79 Kinder lernen, spielen und verbringen unter Anleitung der Betreuerinnen und Betreuer Zeit miteinander. Diese Betreuung ist kostenpflichtig.<\/p>\n<p>P\u00e4dagogische Leiterin der Regenbogengruppe ist Frau Malama Koulpalidou. verwaltet wird die Betreuung durch Frau T\u00fclin Tali.<\/p>\n<p>&#8212;&#8212;&#8212;&#8212;&#8212;&#8212;&#8212;&#8212;&#8212;&#8212;&#8212;&#8212;&#8212;&#8212;&#8212;&#8212;&#8212;&#8212;&#8212;&#8212;&#8212;&#8212;&#8212;&#8212;&#8211;<\/p>\n<p><strong><u>Offene Ganztagsschule<\/u><\/strong><\/p>\n<p>Unsere Schule wird als \u201eOffene Ganztagsschule\u201c gef\u00fchrt. Diese Betreuung findet t\u00e4glich\u00a0(Mo \u2013 Fr) bis 16.00 Uhr statt. Im Rahmen der \u201eOffenen Ganztagsschule\u201c bekommt Ihr Kind ein Mittagessen, Hausaufgabenbetreuung und diverse Kurse angeboten. Die Teilnahme an der \u201eOGS-Betreuung\u201c ist kostenpflichtig; in die OGS-Betreuung werden z.Zt. 75 Kinder, ab 01.10.2025 100 Kinder aufgenommen.<\/p>\n<p>Leiterin der OGS-Betreuung ist Frau Sabrina Barabas. Tr\u00e4ger unserer OGS-Betreuung ist das Amt f\u00fcr Kinder, Jugendliche und Familien der Stadt D\u00fcren. Fachberaterin ist Frau Sarah Tode.<\/p>\n<p>&#8212;&#8212;&#8212;&#8212;&#8212;&#8212;&#8212;&#8212;&#8212;&#8212;&#8212;&#8212;&#8212;&#8212;&#8212;&#8212;&#8212;&#8212;&#8212;&#8212;&#8212;&#8212;&#8212;&#8212;<\/p>\n<p>N\u00e4here Ausk\u00fcnfte und die entsprechenden Antragsformulare erhalten Sie im Schulsekretariat oder in den Betreuungen.<\/p>\n<p>Wir bitten Sie f\u00fcr das folgende Schuljahr Ihr Kind so fr\u00fch wie m\u00f6glich anzumelden.<\/p>\n<p>Bei der Vergabe der Betreuungspl\u00e4tze werden bestimmte Aufnahmekriterien ber\u00fccksichtigt, u.a. die Berufst\u00e4tigkeit der Erziehungsberechtigten, das Anmeldedatum etc. Sollten gleiche Voraussetzungen gelten, entscheidet das Los.<\/p>\n<p>F\u00fcr alle Betreuungen werden Wartelisten gef\u00fchrt, sodass ein Nachr\u00fccken bei Freiwerden eines Platzes m\u00f6glich wird.<\/p>\n<p><strong>Bitte bedenken Sie, dass \u2013 bei Interesse &#8211; Sie Ihr Kind f\u00fcr jede der zwei Betreuungen separat anmelden m\u00fcssen.\u00a0<\/strong><\/p>\n<p>F\u00fcr genauere Ausk\u00fcnfte sprechen Sie uns gerne an.<\/p>\n<p style=\"text-align: justify;\">An der GGS Birkesdorf stehen zur Zeit folgende Betreuungsm\u00f6glichkeiten zur Verf\u00fcgung:<\/p>\n<h4 style=\"text-align: justify;\"><a href=\"https:\/\/www.grundschule-birkesdorf.de\/?page_id=374\">Offene Ganztagsschule (bis 16.00Uhr) <\/a><\/h4>\n<h4 style=\"text-align: justify;\"><a href=\"https:\/\/www.grundschule-birkesdorf.de\/?page_id=374\">F\u00f6rderverein &#8222;Regenbogen-Gruppe&#8220; (bis 14.30 Uhr)<\/a><\/h4>\n\n\n<p><\/p>\n","protected":false},"excerpt":{"rendered":"<p>Nachunterrichtliche Betreuung Unsere Schule bietet folgende Betreuungsformen an: Betreuungsangebote des F\u00f6rdervereins Betreuungsangebot bis 14.30 Uhr -Regenbogengruppe In der Regenbogen-Betreuung werden die Kinder t\u00e4glich (Mo &#8211; Fr) in der Zeit von 11.30 Uhr bis 14.30 Uhr betreut. 79 Kinder lernen, spielen &hellip; <a href=\"https:\/\/www.grundschule-birkesdorf.de\/?page_id=219\">Weiterlesen <span class=\"meta-nav\">&rarr;<\/span><\/a><\/p>\n","protected":false},"author":1,"featured_media":0,"parent":22,"menu_order":20,"comment_status":"closed","ping_status":"closed","template":"","meta":{"footnotes":""},"class_list":["post-219","page","type-page","status-publish","hentry"],"_links":{"self":[{"href":"https:\/\/www.grundschule-birkesdorf.de\/index.php?rest_route=\/wp\/v2\/pages\/219","targetHints":{"allow":["GET"]}}],"collection":[{"href":"https:\/\/www.grundschule-birkesdorf.de\/index.php?rest_route=\/wp\/v2\/pages"}],"about":[{"href":"https:\/\/www.grundschule-birkesdorf.de\/index.php?rest_route=\/wp\/v2\/types\/page"}],"author":[{"embeddable":true,"href":"https:\/\/www.grundschule-birkesdorf.de\/index.php?rest_route=\/wp\/v2\/users\/1"}],"replies":[{"embeddable":true,"href":"https:\/\/www.grundschule-birkesdorf.de\/index.php?rest_route=%2Fwp%2Fv2%2Fcomments&post=219"}],"version-history":[{"count":24,"href":"https:\/\/www.grundschule-birkesdorf.de\/index.php?rest_route=\/wp\/v2\/pages\/219\/revisions"}],"predecessor-version":[{"id":3022,"href":"https:\/\/www.grundschule-birkesdorf.de\/index.php?rest_route=\/wp\/v2\/pages\/219\/revisions\/3022"}],"up":[{"embeddable":true,"href":"https:\/\/www.grundschule-birkesdorf.de\/index.php?rest_route=\/wp\/v2\/pages\/22"}],"wp:attachment":[{"href":"https:\/\/www.grundschule-birkesdorf.de\/index.php?rest_route=%2Fwp%2Fv2%2Fmedia&parent=219"}],"curies":[{"name":"wp","href":"https:\/\/api.w.org\/{rel}","templated":true}]}}