{"id":22,"date":"2010-01-29T15:39:02","date_gmt":"2010-01-29T14:39:02","guid":{"rendered":"http:\/\/www.grundschule-birkesdorf.de\/kgsbd\/?page_id=22"},"modified":"2024-02-02T09:26:42","modified_gmt":"2024-02-02T08:26:42","slug":"unsere-schule","status":"publish","type":"page","link":"https:\/\/www.grundschule-birkesdorf.de\/?page_id=22","title":{"rendered":"Unsere Schule"},"content":{"rendered":"<p style=\"text-align: justify;\">\u00dcber Jahrzehnte waren im Grundschulgeb\u00e4ude in Birkesdorf zwei Grundschulen untergebracht \u2013 eine Gemeinschaftsgrundschule sowie eine Katholische Grundschule.<br \/>\nDie Gemeinschaftsgrundschule Birkesdorf wurde zum Schuljahresende 2003\/2004 aufgel\u00f6st.<br \/>\nSeit dem 1. August 2004 besuchen nun alle Birkesdorfer Grundschulkinder dieselbe Grundschule im Ort, sofern die Eltern, nach Aufhebung der Schulbezirke im Jahr 2008, nicht eine Grundschule in einem anderen Ortsteil w\u00e4hlen.<\/p>\n<p style=\"text-align: justify;\">Unsere Schule war eine st\u00e4dtische, katholische Bekenntnisschule (KGS). Die Landesverfassung Nordrhein-Westfalens sieht vor, dass Grundschulen entweder als Gemeinschaftsgrundschulen oder als Bekenntnisgrundschulen unter staatlicher Aufsicht gef\u00fchrt werden.<\/p>\n<p>Seit dem 01.02.2024 sind wir nun nach einem Elternvotum die St\u00e4dtische Gemeinschaftsgrundschule Birkesdorf.<\/p>\n<p style=\"text-align: center;\"><img loading=\"lazy\" decoding=\"async\" class=\"size-medium wp-image-97 aligncenter\" title=\"Schule gezeichnet\" src=\"https:\/\/www.grundschule-birkesdorf.de\/kgsbd\/wp-content\/uploads\/2010\/01\/schooljp-300x222.jpg\" alt=\"\" width=\"300\" height=\"222\" srcset=\"https:\/\/www.grundschule-birkesdorf.de\/kgsbd\/wp-content\/uploads\/2010\/01\/schooljp-300x222.jpg 300w, https:\/\/www.grundschule-birkesdorf.de\/kgsbd\/wp-content\/uploads\/2010\/01\/schooljp-1024x758.jpg 1024w, https:\/\/www.grundschule-birkesdorf.de\/kgsbd\/wp-content\/uploads\/2010\/01\/schooljp.jpg 1145w\" sizes=\"auto, (max-width: 300px) 100vw, 300px\" \/><\/p>\n<p style=\"text-align: justify;\">Unsere Schule ist eine vierz\u00fcgige Grundschule. Auf drei Etagen stehen 17 Klassenr\u00e4ume, ein Musikraum und zwei Computerr\u00e4ume zur Verf\u00fcgung.\u00a0 Zur Zeit besuchen ca. 340 Sch\u00fclerinnen\u00a0 und Sch\u00fcler die GGS Birkesdorf. Sie werden von \u00fcber 20 Lehrerinnen und Lehrern unterrichtet. F\u00fcr den Sportunterricht stehen uns zwei Turnhallen, ein Lehrschwimmbecken und ein Sportplatz zu Verf\u00fcgung. F\u00fcr den musischen Bereich haben wir einen gut eingerichteten Musikraum und einen gut ausgestatteten Werkraum im Geb\u00e4ude.<\/p>\n<p style=\"text-align: left;\"><a href=\"https:\/\/www.grundschule-birkesdorf.de\/?page_id=211\">Schulzeiten<\/a><\/p>\n<p><a href=\"https:\/\/www.grundschule-birkesdorf.de\/?page_id=219\">Betreuungsangebote<\/a><\/p>\n<p><a href=\"https:\/\/www.grundschule-birkesdorf.de\/?page_id=85\">F\u00f6rderverein<\/a><\/p>\n","protected":false},"excerpt":{"rendered":"<p>\u00dcber Jahrzehnte waren im Grundschulgeb\u00e4ude in Birkesdorf zwei Grundschulen untergebracht \u2013 eine Gemeinschaftsgrundschule sowie eine Katholische Grundschule. Die Gemeinschaftsgrundschule Birkesdorf wurde zum Schuljahresende 2003\/2004 aufgel\u00f6st. Seit dem 1. August 2004 besuchen nun alle Birkesdorfer Grundschulkinder dieselbe Grundschule im Ort, sofern &hellip; <a href=\"https:\/\/www.grundschule-birkesdorf.de\/?page_id=22\">Weiterlesen <span class=\"meta-nav\">&rarr;<\/span><\/a><\/p>\n","protected":false},"author":1,"featured_media":0,"parent":14,"menu_order":10,"comment_status":"closed","ping_status":"closed","template":"","meta":{"footnotes":""},"class_list":["post-22","page","type-page","status-publish","hentry"],"_links":{"self":[{"href":"https:\/\/www.grundschule-birkesdorf.de\/index.php?rest_route=\/wp\/v2\/pages\/22","targetHints":{"allow":["GET"]}}],"collection":[{"href":"https:\/\/www.grundschule-birkesdorf.de\/index.php?rest_route=\/wp\/v2\/pages"}],"about":[{"href":"https:\/\/www.grundschule-birkesdorf.de\/index.php?rest_route=\/wp\/v2\/types\/page"}],"author":[{"embeddable":true,"href":"https:\/\/www.grundschule-birkesdorf.de\/index.php?rest_route=\/wp\/v2\/users\/1"}],"replies":[{"embeddable":true,"href":"https:\/\/www.grundschule-birkesdorf.de\/index.php?rest_route=%2Fwp%2Fv2%2Fcomments&post=22"}],"version-history":[{"count":23,"href":"https:\/\/www.grundschule-birkesdorf.de\/index.php?rest_route=\/wp\/v2\/pages\/22\/revisions"}],"predecessor-version":[{"id":2951,"href":"https:\/\/www.grundschule-birkesdorf.de\/index.php?rest_route=\/wp\/v2\/pages\/22\/revisions\/2951"}],"up":[{"embeddable":true,"href":"https:\/\/www.grundschule-birkesdorf.de\/index.php?rest_route=\/wp\/v2\/pages\/14"}],"wp:attachment":[{"href":"https:\/\/www.grundschule-birkesdorf.de\/index.php?rest_route=%2Fwp%2Fv2%2Fmedia&parent=22"}],"curies":[{"name":"wp","href":"https:\/\/api.w.org\/{rel}","templated":true}]}}