{"id":239,"date":"2010-02-02T14:47:06","date_gmt":"2010-02-02T13:47:06","guid":{"rendered":"http:\/\/www.grundschule-birkesdorf.de\/kgsbd\/?page_id=239"},"modified":"2023-08-14T07:55:18","modified_gmt":"2023-08-14T06:55:18","slug":"musische-erziehung","status":"publish","type":"page","link":"https:\/\/www.grundschule-birkesdorf.de\/?page_id=239","title":{"rendered":"Musische Erziehung"},"content":{"rendered":"<p style=\"text-align: justify;\">Ein Schwerpunkt unserer Arbeit ist es, die musische Entwicklung der Kinder unserer Schule zu f\u00f6rdern. Nach M\u00f6glichkeit bieten wir Arbeitsgemeinschaften in Musik, Blockfl\u00f6ten, Tanz\/Theater, Kunst\/Textilgestaltung und Chor an. Insbesondere im 1. Schuljahr finden regelm\u00e4\u00dfig musische Bewegungsstunden statt, die die Aufmerksamkeit der Kinder st\u00e4rken und ein Lernen durch Bewegen erm\u00f6glichen sollen. Zudem werden Ruhephasen durch meditative Musik, Phantasiereisen und Malen nach Musik angeboten. Im Musikunterricht liegen die Schwerpunkte in den Bereichen \u201eMusik machen\u201c, \u201eMusik h\u00f6ren\u201c und \u201eMusik umsetzen\u201c. Ein gut ausgestatteter Musikraum mit Orff\u2019schen Instrumenten sowie einem Klavier steht uns hierbei zur Verf\u00fcgung. Der Besuch au\u00dferschulischer Veranstaltungen, z. B. im Stadttheater Aachen sowie der Musikschule D\u00fcren erg\u00e4nzen dieses Angebot.<\/p>\n<h3 style=\"text-align: justify;\">Musik<\/h3>\n<p style=\"text-align: justify;\">Der Musikunterricht soll die Freude an der Musik f\u00f6rdern sowie die musikalische Erlebnis- und Ausdrucksf\u00e4higkeit der Kinder entwickeln. Dies gelingt am besten, wenn an die Bed\u00fcrfnisse und Interessen der Kinder angekn\u00fcpft und der Musikunterricht handlungsorientiert gestaltet wird. So sind verschiedene Handlungsweisen wie Singen, Musizieren, H\u00f6ren, Bewegen, Tanzen, Malen, Notieren, Reflektieren m\u00f6glich. Das Singen nimmt bei uns einen breiten Raum ein. Dabei ist das Singen nicht nur auf den Musikunterricht beschr\u00e4nkt. Singen stellt einen wichtigen Zugang zur Musik dar. Darin eingebettet ist auch die Entwicklung der Stimme durch eine kindgem\u00e4\u00dfe, spielerische Stimmbildung.<\/p>\n<p style=\"text-align: center;\"><img loading=\"lazy\" decoding=\"async\" class=\"size-medium wp-image-388 aligncenter\" title=\"musikschrank\" src=\"https:\/\/www.grundschule-birkesdorf.de\/kgsbd\/wp-content\/uploads\/2010\/02\/musikschrank-300x225.jpg\" alt=\"\" width=\"300\" height=\"225\" srcset=\"https:\/\/www.grundschule-birkesdorf.de\/kgsbd\/wp-content\/uploads\/2010\/02\/musikschrank-300x225.jpg 300w, https:\/\/www.grundschule-birkesdorf.de\/kgsbd\/wp-content\/uploads\/2010\/02\/musikschrank.jpg 450w\" sizes=\"auto, (max-width: 300px) 100vw, 300px\" \/><\/p>\n<p style=\"text-align: justify;\">F\u00fcr das Musizieren mit Instrumenten bieten sich bei uns viele M\u00f6glichkeiten an. Der Umgang mit K\u00f6rperinstrumenten, rhythmischen Kleininstrumenten und Stabspielen macht mit Kl\u00e4ngen vertraut. Die Begleitung von Liedern und Texten mit Instrumenten wie auch spielerische Klanggestaltungen wecken Freude an musikalischer T\u00e4tigkeit. Eine wichtige Rolle spielt auch das H\u00f6ren von Musik. Zahlreiche Musikst\u00fccke sind zur Besch\u00e4ftigung mit musikalischen Formen und Gestaltungsmitteln sowie zum Kennen lernen von Instrumenten gedacht. Wiederum andere lassen erfahren, dass Musik etwas erz\u00e4hlen, dass sie Stimmungen und Gef\u00fchle ausdr\u00fccken kann.<\/p>\n<p style=\"text-align: center;\"><img loading=\"lazy\" decoding=\"async\" class=\"size-full wp-image-390 aligncenter\" title=\"musikraum2\" src=\"https:\/\/www.grundschule-birkesdorf.de\/kgsbd\/wp-content\/uploads\/2010\/02\/musikraum2.jpg\" alt=\"\" width=\"450\" height=\"113\" srcset=\"https:\/\/www.grundschule-birkesdorf.de\/kgsbd\/wp-content\/uploads\/2010\/02\/musikraum2.jpg 450w, https:\/\/www.grundschule-birkesdorf.de\/kgsbd\/wp-content\/uploads\/2010\/02\/musikraum2-300x75.jpg 300w\" sizes=\"auto, (max-width: 450px) 100vw, 450px\" \/><\/p>\n<p style=\"text-align: justify;\">In Verbindung mit Singen, Musizieren und H\u00f6ren wird dem Bewegen und Tanzen, dem Spielen und Malen bei uns besondere Bedeutung beigemessen. Zu vielen Liedern werden Bewegungsspiele und Bewegungsgestaltungen einstudiert. Die szenische Gestaltung von Musikst\u00fccken ist in unserem Unterricht ebenso enthalten wie Anregungen zum Malen zur Musik.<\/p>\n<h3 style=\"text-align: justify;\">Kunst, Werken und Textilgestaltung<\/h3>\n<p><img loading=\"lazy\" decoding=\"async\" class=\"size-full wp-image-395 aligncenter\" title=\"kunstagballon0\" src=\"https:\/\/www.grundschule-birkesdorf.de\/kgsbd\/wp-content\/uploads\/2010\/02\/kunstagballon0.jpg\" alt=\"\" width=\"450\" height=\"145\" srcset=\"https:\/\/www.grundschule-birkesdorf.de\/kgsbd\/wp-content\/uploads\/2010\/02\/kunstagballon0.jpg 450w, https:\/\/www.grundschule-birkesdorf.de\/kgsbd\/wp-content\/uploads\/2010\/02\/kunstagballon0-300x96.jpg 300w\" sizes=\"auto, (max-width: 450px) 100vw, 450px\" \/><\/p>\n<p style=\"text-align: justify;\">Der Unterricht im Lernbereich Kunst\/Textilgestaltung nimmt die allt\u00e4glichen \u00e4sthetisch-kulturellen Erfahrungen der Kinder auf und erweitert sie. Die Kinder werden durch gezielte Lernangebote angeregt, sich k\u00fcnstlerisch und kreativ mit verschiedenen Themen auseinander zu setzen und dabei unterschiedliche k\u00fcnstlerische Techniken (wie z.B. Malen, Zeichnen, Collagieren, Drucken, Formen und Plastizieren) mit verschiedensten Werkzeugen (Pinsel, Stift, Kreiden usw.) und Materialien (Farbe, Papier, Pappe, Ton, Textilien, Natur- und Alltagsmaterialien) kennen zu lernen und geschickt einzusetzen und sich mit Arbeiten von bekannten K\u00fcnstlern auseinander zu setzen.<\/p>\n<p style=\"text-align: justify;\"><img loading=\"lazy\" decoding=\"async\" class=\"aligncenter size-full wp-image-394\" title=\"kunst1\" src=\"https:\/\/www.grundschule-birkesdorf.de\/kgsbd\/wp-content\/uploads\/2010\/02\/kunst1.jpg\" alt=\"\" width=\"442\" height=\"298\" srcset=\"https:\/\/www.grundschule-birkesdorf.de\/kgsbd\/wp-content\/uploads\/2010\/02\/kunst1.jpg 442w, https:\/\/www.grundschule-birkesdorf.de\/kgsbd\/wp-content\/uploads\/2010\/02\/kunst1-300x202.jpg 300w\" sizes=\"auto, (max-width: 442px) 100vw, 442px\" \/><\/p>\n<p>&nbsp;<\/p>\n<p style=\"text-align: justify;\">Die im Unterricht entstandenen k\u00fcnstlerischen Arbeiten der Kinder werden regelm\u00e4\u00dfig im Klassenraum und im Schulhaus ausgestellt und erhalten so eine W\u00fcrdigung. Dar\u00fcber hinaus wird den Kindern erm\u00f6glicht, ihre k\u00fcnstlerisch-praktischen F\u00e4higkeiten und Neigungen im Rahmen entsprechender Arbeitsgemeinschaften, wie z.B. der Kunst-AG zu erproben und zu erweitern. Auch bei den regelm\u00e4\u00dfig stattfindenden Projektwochen k\u00f6nnen sich die Kinder kreativ und im praktischen Tun mit verschiedenen Werkstoffen und Arbeitstechniken k\u00fcnstlerisch mit dem jeweiligen Projektthema auseinandersetzen.<\/p>\n<p><img loading=\"lazy\" decoding=\"async\" class=\"aligncenter size-full wp-image-397\" title=\"kunstagvogel0\" src=\"https:\/\/www.grundschule-birkesdorf.de\/kgsbd\/wp-content\/uploads\/2010\/02\/kunstagvogel0.jpg\" alt=\"\" width=\"450\" height=\"335\" srcset=\"https:\/\/www.grundschule-birkesdorf.de\/kgsbd\/wp-content\/uploads\/2010\/02\/kunstagvogel0.jpg 450w, https:\/\/www.grundschule-birkesdorf.de\/kgsbd\/wp-content\/uploads\/2010\/02\/kunstagvogel0-300x223.jpg 300w\" sizes=\"auto, (max-width: 450px) 100vw, 450px\" \/><\/p>\n<p style=\"text-align: justify;\">Wir haben einen gut ausgestatteten Werkraum, den die Kinder unter fachkundiger Anleitung zur Erstellung handwerklicher Erzeugnisse sowohl im Unterricht als auch in Arbeitsgemeinschaften nutzen.<\/p>\n<p><img loading=\"lazy\" decoding=\"async\" class=\"aligncenter size-full wp-image-396\" title=\"kunstagnicci0\" src=\"https:\/\/www.grundschule-birkesdorf.de\/kgsbd\/wp-content\/uploads\/2010\/02\/kunstagnicci0.jpg\" alt=\"\" width=\"450\" height=\"141\" srcset=\"https:\/\/www.grundschule-birkesdorf.de\/kgsbd\/wp-content\/uploads\/2010\/02\/kunstagnicci0.jpg 450w, https:\/\/www.grundschule-birkesdorf.de\/kgsbd\/wp-content\/uploads\/2010\/02\/kunstagnicci0-300x94.jpg 300w\" sizes=\"auto, (max-width: 450px) 100vw, 450px\" \/><\/p>\n","protected":false},"excerpt":{"rendered":"<p>Ein Schwerpunkt unserer Arbeit ist es, die musische Entwicklung der Kinder unserer Schule zu f\u00f6rdern. Nach M\u00f6glichkeit bieten wir Arbeitsgemeinschaften in Musik, Blockfl\u00f6ten, Tanz\/Theater, Kunst\/Textilgestaltung und Chor an. Insbesondere im 1. Schuljahr finden regelm\u00e4\u00dfig musische Bewegungsstunden statt, die die Aufmerksamkeit &hellip; <a href=\"https:\/\/www.grundschule-birkesdorf.de\/?page_id=239\">Weiterlesen <span class=\"meta-nav\">&rarr;<\/span><\/a><\/p>\n","protected":false},"author":1,"featured_media":0,"parent":549,"menu_order":70,"comment_status":"closed","ping_status":"closed","template":"","meta":{"footnotes":""},"class_list":["post-239","page","type-page","status-publish","hentry"],"_links":{"self":[{"href":"https:\/\/www.grundschule-birkesdorf.de\/index.php?rest_route=\/wp\/v2\/pages\/239","targetHints":{"allow":["GET"]}}],"collection":[{"href":"https:\/\/www.grundschule-birkesdorf.de\/index.php?rest_route=\/wp\/v2\/pages"}],"about":[{"href":"https:\/\/www.grundschule-birkesdorf.de\/index.php?rest_route=\/wp\/v2\/types\/page"}],"author":[{"embeddable":true,"href":"https:\/\/www.grundschule-birkesdorf.de\/index.php?rest_route=\/wp\/v2\/users\/1"}],"replies":[{"embeddable":true,"href":"https:\/\/www.grundschule-birkesdorf.de\/index.php?rest_route=%2Fwp%2Fv2%2Fcomments&post=239"}],"version-history":[{"count":15,"href":"https:\/\/www.grundschule-birkesdorf.de\/index.php?rest_route=\/wp\/v2\/pages\/239\/revisions"}],"predecessor-version":[{"id":1511,"href":"https:\/\/www.grundschule-birkesdorf.de\/index.php?rest_route=\/wp\/v2\/pages\/239\/revisions\/1511"}],"up":[{"embeddable":true,"href":"https:\/\/www.grundschule-birkesdorf.de\/index.php?rest_route=\/wp\/v2\/pages\/549"}],"wp:attachment":[{"href":"https:\/\/www.grundschule-birkesdorf.de\/index.php?rest_route=%2Fwp%2Fv2%2Fmedia&parent=239"}],"curies":[{"name":"wp","href":"https:\/\/api.w.org\/{rel}","templated":true}]}}