{"id":248,"date":"2010-02-02T14:57:09","date_gmt":"2010-02-02T13:57:09","guid":{"rendered":"http:\/\/www.grundschule-birkesdorf.de\/kgsbd\/?page_id=248"},"modified":"2018-06-09T10:19:30","modified_gmt":"2018-06-09T09:19:30","slug":"streitschlichtung","status":"publish","type":"page","link":"https:\/\/www.grundschule-birkesdorf.de\/?page_id=248","title":{"rendered":"Streitschlichtung"},"content":{"rendered":"<h3 style=\"text-align: justify;\"><span style=\"color: #51668d;\">und Gewaltpr\u00e4vention<\/span><\/h3>\n<p style=\"text-align: justify;\">Bei der Streitschlichtung wird versucht, bei Konflikten und Auseinandersetzungen eine gewaltfreie L\u00f6sung zu finden. Betrachtet man den (Schul-) Alltag, schlie\u00dfen die betroffenen Kinder untereinander meist blo\u00df eine Art \u201cWaffenstillstand\u201d, bei dem der Streit allerdings noch lange nicht gel\u00f6st ist und es meistens nur einen Sieger und einen Verlierer gibt. Streitschlichtung durch Sch\u00fcler\u00a0 und Sch\u00fclerinnen nach den Prinzipien der Mediation soll den \u201cStreith\u00e4hnen\u201d die M\u00f6glichkeit bieten, Konflikte eigenverantwortlich unter Leitung eines Sch\u00fclerstreitschlichters, in der Grundschule teilweise unter Mithilfe eines Lehrerstreitschlichters, zu l\u00f6sen, so dass die Sch\u00fcler und Sch\u00fclerinnen zu einer L\u00f6sung finden, die beiden gerecht wird.<\/p>\n<p style=\"text-align: justify;\">Unsere Streitschlichter sind als sog. \u201cPausenhelfer\u201d &#8211; gekennzeichnet durch ein gelbes T-Shirt mit der Aufschrift \u201cPausenhelfer\u201d &#8211; f\u00fcr die Sch\u00fclerinnen und Sch\u00fcler in der ersten und zweiten Hofpause auf dem Schulhof direkt ansprechbar.<\/p>\n<p>Neben dem eigentlichen Konfliktl\u00f6sungsangebot werden noch weitere Ziele verfolgt:<\/p>\n<ul>\n<li>Sinn f\u00fcr die Zusammenarbeit und f\u00fcr die Schulgemeinschaft entwickeln<\/li>\n<li>das Schulleben verbessern, indem Spannungen und Feindseligkeiten vermindert werden<\/li>\n<li>die Sch\u00fclerbeteiligung am Schulleben steigern<\/li>\n<li>die Bereitschaft zur Mitverantwortlichkeit st\u00e4rken<\/li>\n<li>die Selbstachtung f\u00f6rdern<\/li>\n<li>soziale Kompetenz und (selbst-)kritisches Denken entwickeln<\/li>\n<li>die Kommunikationsf\u00e4higkeit verbessern<\/li>\n<\/ul>\n<p style=\"text-align: justify;\">Unsere Schule hat sich an einer Fortbildung zum Thema Streitschlichtung beteiligt und verfolgt oben genannte Ziele. Durch Bewegungsstunden und mehr Bewegung im Unterricht sowie Stille- und Entspannungs\u00fcbungen wird versucht, Konzentrationsschw\u00e4chen, Unruhe, Hyperaktivit\u00e4t und Grobheit, die h\u00e4ufig Ursachen f\u00fcr aufkommende Aggressionen sein k\u00f6nnen, zu begegnen, bevor es zu Streitsituationen kommen kann.<\/p>\n<p style=\"text-align: justify;\">Sehr positiv auf das Pausenverhalten der Kinder wirkt sich die Umgestaltung des Schulhofes mit attraktiven Spielm\u00f6glichkeiten sowie die Versorgung der Kinder mit Spielger\u00e4ten aus \u2013 die Kinder werden jeweils in den Gebrauch der Spielger\u00e4te eingewiesen, der sichere und konfliktfreie Umgang wird trainiert.<\/p>\n","protected":false},"excerpt":{"rendered":"<p>und Gewaltpr\u00e4vention Bei der Streitschlichtung wird versucht, bei Konflikten und Auseinandersetzungen eine gewaltfreie L\u00f6sung zu finden. Betrachtet man den (Schul-) Alltag, schlie\u00dfen die betroffenen Kinder untereinander meist blo\u00df eine Art \u201cWaffenstillstand\u201d, bei dem der Streit allerdings noch lange nicht gel\u00f6st &hellip; <a href=\"https:\/\/www.grundschule-birkesdorf.de\/?page_id=248\">Weiterlesen <span class=\"meta-nav\">&rarr;<\/span><\/a><\/p>\n","protected":false},"author":1,"featured_media":0,"parent":549,"menu_order":110,"comment_status":"closed","ping_status":"closed","template":"","meta":{"footnotes":""},"class_list":["post-248","page","type-page","status-publish","hentry"],"_links":{"self":[{"href":"https:\/\/www.grundschule-birkesdorf.de\/index.php?rest_route=\/wp\/v2\/pages\/248","targetHints":{"allow":["GET"]}}],"collection":[{"href":"https:\/\/www.grundschule-birkesdorf.de\/index.php?rest_route=\/wp\/v2\/pages"}],"about":[{"href":"https:\/\/www.grundschule-birkesdorf.de\/index.php?rest_route=\/wp\/v2\/types\/page"}],"author":[{"embeddable":true,"href":"https:\/\/www.grundschule-birkesdorf.de\/index.php?rest_route=\/wp\/v2\/users\/1"}],"replies":[{"embeddable":true,"href":"https:\/\/www.grundschule-birkesdorf.de\/index.php?rest_route=%2Fwp%2Fv2%2Fcomments&post=248"}],"version-history":[{"count":8,"href":"https:\/\/www.grundschule-birkesdorf.de\/index.php?rest_route=\/wp\/v2\/pages\/248\/revisions"}],"predecessor-version":[{"id":1550,"href":"https:\/\/www.grundschule-birkesdorf.de\/index.php?rest_route=\/wp\/v2\/pages\/248\/revisions\/1550"}],"up":[{"embeddable":true,"href":"https:\/\/www.grundschule-birkesdorf.de\/index.php?rest_route=\/wp\/v2\/pages\/549"}],"wp:attachment":[{"href":"https:\/\/www.grundschule-birkesdorf.de\/index.php?rest_route=%2Fwp%2Fv2%2Fmedia&parent=248"}],"curies":[{"name":"wp","href":"https:\/\/api.w.org\/{rel}","templated":true}]}}