{"id":256,"date":"2010-02-02T15:04:23","date_gmt":"2010-02-02T14:04:23","guid":{"rendered":"http:\/\/www.grundschule-birkesdorf.de\/kgsbd\/?page_id=256"},"modified":"2018-05-14T11:55:35","modified_gmt":"2018-05-14T10:55:35","slug":"anfangsunterricht","status":"publish","type":"page","link":"https:\/\/www.grundschule-birkesdorf.de\/?page_id=256","title":{"rendered":"Anfangsunterricht"},"content":{"rendered":"<p style=\"text-align: justify;\">Beim Eintritt in die Grundschule (Schuleingangsphase) werden unsere Schulneulinge sorgf\u00e4ltig an den Schulalltag herangef\u00fchrt. In den ersten Wochen werden neben dem Lese- und Schreiblehrgang und der Einf\u00fchrung in die Mathematik viele Bewegungs- und Konzentrationsspiele sowie Wahrnehmungs\u00fcbungen in den Unterricht eingeflochten. Diese \u00dcbungen dienen der Motivation und der Entwicklungsf\u00f6rderung der Kinder. Bereits in dieser Anfangsphase werden sie angeleitet, sich selbstst\u00e4ndig mit bereitgestellten Materialien zu besch\u00e4ftigen. Dabei werden Regeln f\u00fcr den Schultag entwickelt und Rituale eingef\u00fchrt. Nebenbei wird so der soziale Umgang der Sch\u00fcler und Sch\u00fclerinnen miteinander gef\u00f6rdert. Der Unterricht in der Schuleingangsphase erfolgt im Klassenverband.<\/p>\n<p style=\"text-align: justify;\">Der Lese- und Schreiblehrgang basiert auf der Druckschrift, an die sich zum Ende des ersten Schuljahres die verbundene Schrift (Schulausgangsschrift) anschlie\u00dft. Die Einf\u00fchrung der Buchstaben erfolgt in der Regel anhand konkreter Dinge aus dem Umfeld des Kindes. Die Sch\u00fcler und Sch\u00fclerinnen nehmen die Buchstaben mit allen Sinnen wahr.<br \/>\n\u00c4hnlich ist es im Bereich der Mathematik. Die Schulneulinge kommen mit unterschiedlichem Kenntnis- und Entwicklungsstand zu uns. Im Anfangsunterricht werden sie entsprechend ihrer F\u00e4hig- und Fertigkeiten gef\u00f6rdert und gefordert.<\/p>\n","protected":false},"excerpt":{"rendered":"<p>Beim Eintritt in die Grundschule (Schuleingangsphase) werden unsere Schulneulinge sorgf\u00e4ltig an den Schulalltag herangef\u00fchrt. In den ersten Wochen werden neben dem Lese- und Schreiblehrgang und der Einf\u00fchrung in die Mathematik viele Bewegungs- und Konzentrationsspiele sowie Wahrnehmungs\u00fcbungen in den Unterricht eingeflochten. &hellip; <a href=\"https:\/\/www.grundschule-birkesdorf.de\/?page_id=256\">Weiterlesen <span class=\"meta-nav\">&rarr;<\/span><\/a><\/p>\n","protected":false},"author":1,"featured_media":0,"parent":549,"menu_order":40,"comment_status":"closed","ping_status":"closed","template":"","meta":{"footnotes":""},"class_list":["post-256","page","type-page","status-publish","hentry"],"_links":{"self":[{"href":"https:\/\/www.grundschule-birkesdorf.de\/index.php?rest_route=\/wp\/v2\/pages\/256","targetHints":{"allow":["GET"]}}],"collection":[{"href":"https:\/\/www.grundschule-birkesdorf.de\/index.php?rest_route=\/wp\/v2\/pages"}],"about":[{"href":"https:\/\/www.grundschule-birkesdorf.de\/index.php?rest_route=\/wp\/v2\/types\/page"}],"author":[{"embeddable":true,"href":"https:\/\/www.grundschule-birkesdorf.de\/index.php?rest_route=\/wp\/v2\/users\/1"}],"replies":[{"embeddable":true,"href":"https:\/\/www.grundschule-birkesdorf.de\/index.php?rest_route=%2Fwp%2Fv2%2Fcomments&post=256"}],"version-history":[{"count":9,"href":"https:\/\/www.grundschule-birkesdorf.de\/index.php?rest_route=\/wp\/v2\/pages\/256\/revisions"}],"predecessor-version":[{"id":1507,"href":"https:\/\/www.grundschule-birkesdorf.de\/index.php?rest_route=\/wp\/v2\/pages\/256\/revisions\/1507"}],"up":[{"embeddable":true,"href":"https:\/\/www.grundschule-birkesdorf.de\/index.php?rest_route=\/wp\/v2\/pages\/549"}],"wp:attachment":[{"href":"https:\/\/www.grundschule-birkesdorf.de\/index.php?rest_route=%2Fwp%2Fv2%2Fmedia&parent=256"}],"curies":[{"name":"wp","href":"https:\/\/api.w.org\/{rel}","templated":true}]}}