{"id":265,"date":"2010-02-02T15:16:59","date_gmt":"2010-02-02T14:16:59","guid":{"rendered":"http:\/\/www.grundschule-birkesdorf.de\/kgsbd\/?page_id=265"},"modified":"2018-08-26T16:24:00","modified_gmt":"2018-08-26T15:24:00","slug":"gemeinsamer-unterricht","status":"publish","type":"page","link":"https:\/\/www.grundschule-birkesdorf.de\/?page_id=265","title":{"rendered":"Gemeinsames Lernen"},"content":{"rendered":"<p style=\"text-align: justify;\">Dieser p\u00e4dagogische Ansatz wird heute vielfach mit dem Begriff &#8222;Inklusion&#8220; umschrieben und an unserer Schule seit langem als &#8222;Gemeinsames Lernen&#8220; praktiziert.<\/p>\n<p style=\"text-align: justify;\">Ganz wichtig ist uns, dass dar\u00fcberhinaus kein Kind aus materiellen Gr\u00fcnden vom Lernerfolg ausgeschlossen wird. Die Schulsozialarbeiterin unserer Schule ber\u00e4t Eltern hinsichtlich finanzieller F\u00f6rderm\u00f6glichkeiten.<\/p>\n<p style=\"text-align: center;\"><img loading=\"lazy\" decoding=\"async\" class=\"size-full wp-image-346 aligncenter\" title=\"bienenraum\" src=\"https:\/\/www.grundschule-birkesdorf.de\/kgsbd\/wp-content\/uploads\/2010\/02\/bienenraums.jpg\" alt=\"\" width=\"270\" height=\"311\" srcset=\"https:\/\/www.grundschule-birkesdorf.de\/kgsbd\/wp-content\/uploads\/2010\/02\/bienenraums.jpg 450w, https:\/\/www.grundschule-birkesdorf.de\/kgsbd\/wp-content\/uploads\/2010\/02\/bienenraums-260x300.jpg 260w\" sizes=\"auto, (max-width: 270px) 100vw, 270px\" \/><\/p>\n<p style=\"text-align: justify;\">Das gemeinsame Lernen bietet die Grundlagen f\u00fcr ein Zusammenleben und \u2013lernen von Kindern mit unterschiedlichen F\u00e4higkeiten und Fertigkeiten. Ziel ist die fr\u00fchestm\u00f6gliche Integration von Kindern mit einem besonderen F\u00f6rderbedarf in den Bereichen Lernen, emotionale und soziale Entwicklung, Sprache und k\u00f6rperlich-motorische Entwicklung in das gesellschaftliche Leben. Die Sch\u00fclerinnen und Sch\u00fcler, bei denen ein besonderer F\u00f6rderbedarf festgestellt wurde, werden auf der Grundlage der Richtlinien und Lehrpl\u00e4ne der Grundschule sowie der F\u00f6rderschule unterrichtet. Dies geschieht in enger Zusammenarbeit zwischen Klassenlehrer\/in des Kindes und Sonderp\u00e4dagogin.<\/p>\n<p style=\"text-align: center;\"><img loading=\"lazy\" decoding=\"async\" class=\"size-full wp-image-348 aligncenter\" title=\"sonnenraum\" src=\"https:\/\/www.grundschule-birkesdorf.de\/kgsbd\/wp-content\/uploads\/2010\/02\/sonnenraum.jpg\" alt=\"\" width=\"270\" height=\"203\" srcset=\"https:\/\/www.grundschule-birkesdorf.de\/kgsbd\/wp-content\/uploads\/2010\/02\/sonnenraum.jpg 450w, https:\/\/www.grundschule-birkesdorf.de\/kgsbd\/wp-content\/uploads\/2010\/02\/sonnenraum-300x225.jpg 300w\" sizes=\"auto, (max-width: 270px) 100vw, 270px\" \/><\/p>\n<p style=\"text-align: justify;\">Da unsere Sonderp\u00e4dagogen fest an unserer Schule angestellt sind, stehen sie jederzeit f\u00fcr Kinder mit besonderem F\u00f6rderbedarf zur Verf\u00fcgung, weshalb diesen Kindern eine weit \u00fcber das \u00fcbliche Ma\u00df hinausgehende\u00a0 F\u00f6rderung zugute kommt.<\/p>\n","protected":false},"excerpt":{"rendered":"<p>Dieser p\u00e4dagogische Ansatz wird heute vielfach mit dem Begriff &#8222;Inklusion&#8220; umschrieben und an unserer Schule seit langem als &#8222;Gemeinsames Lernen&#8220; praktiziert. Ganz wichtig ist uns, dass dar\u00fcberhinaus kein Kind aus materiellen Gr\u00fcnden vom Lernerfolg ausgeschlossen wird. Die Schulsozialarbeiterin unserer Schule &hellip; <a href=\"https:\/\/www.grundschule-birkesdorf.de\/?page_id=265\">Weiterlesen <span class=\"meta-nav\">&rarr;<\/span><\/a><\/p>\n","protected":false},"author":1,"featured_media":0,"parent":549,"menu_order":20,"comment_status":"closed","ping_status":"closed","template":"","meta":{"footnotes":""},"class_list":["post-265","page","type-page","status-publish","hentry"],"_links":{"self":[{"href":"https:\/\/www.grundschule-birkesdorf.de\/index.php?rest_route=\/wp\/v2\/pages\/265","targetHints":{"allow":["GET"]}}],"collection":[{"href":"https:\/\/www.grundschule-birkesdorf.de\/index.php?rest_route=\/wp\/v2\/pages"}],"about":[{"href":"https:\/\/www.grundschule-birkesdorf.de\/index.php?rest_route=\/wp\/v2\/types\/page"}],"author":[{"embeddable":true,"href":"https:\/\/www.grundschule-birkesdorf.de\/index.php?rest_route=\/wp\/v2\/users\/1"}],"replies":[{"embeddable":true,"href":"https:\/\/www.grundschule-birkesdorf.de\/index.php?rest_route=%2Fwp%2Fv2%2Fcomments&post=265"}],"version-history":[{"count":15,"href":"https:\/\/www.grundschule-birkesdorf.de\/index.php?rest_route=\/wp\/v2\/pages\/265\/revisions"}],"predecessor-version":[{"id":1567,"href":"https:\/\/www.grundschule-birkesdorf.de\/index.php?rest_route=\/wp\/v2\/pages\/265\/revisions\/1567"}],"up":[{"embeddable":true,"href":"https:\/\/www.grundschule-birkesdorf.de\/index.php?rest_route=\/wp\/v2\/pages\/549"}],"wp:attachment":[{"href":"https:\/\/www.grundschule-birkesdorf.de\/index.php?rest_route=%2Fwp%2Fv2%2Fmedia&parent=265"}],"curies":[{"name":"wp","href":"https:\/\/api.w.org\/{rel}","templated":true}]}}