{"id":279,"date":"2010-02-02T15:45:41","date_gmt":"2010-02-02T14:45:41","guid":{"rendered":"http:\/\/www.grundschule-birkesdorf.de\/kgsbd\/?page_id=279"},"modified":"2023-08-14T08:33:31","modified_gmt":"2023-08-14T07:33:31","slug":"verkehrserziehung","status":"publish","type":"page","link":"https:\/\/www.grundschule-birkesdorf.de\/?page_id=279","title":{"rendered":"Verkehrserziehung"},"content":{"rendered":"<p style=\"text-align: justify;\">Der Schwerpunkt der Verkehrserziehung liegt f\u00fcr Sch\u00fcler und Sch\u00fclerinnen des ersten und zweiten Schuljahres auf praktischen \u00dcbungen, die darauf abzielen, zu einem aktiven, umsichtigen und situationsgerechten Verhalten zu erziehen (z.B. Bordsteintraining mit dem \u00f6rtlichen Polizisten, Verkehrszeichen). F\u00fcr Sch\u00fcler und Sch\u00fclerinnen des dritten und vierten Schuljahres liegt der Schwerpunkt in der Vorbereitung auf die Radfahrpr\u00fcfung. In den Klassen 1 und 4 sind etwa je 30 Stunden im Jahr, in den Klassen 2 und 3 je 10 Stunden im Jahr f\u00fcr die Verkehrserziehung vorgesehen.<\/p>\n<p>Die Verkehrserziehung in der Schule unterteilt sich in folgende Themenschwerpunkte:<\/p>\n<p style=\"text-align: justify;\">Klasse 1\/2:<\/p>\n<p style=\"text-align: justify;\">richtige Kleidung \u2013 dunkle, helle Farben \u2013 Einteilung: Gehweg, Radweg, Fahrbahn, Richtiges \u00dcberqueren der Fahrbahn \u2013 Wichtige Verkehrszeichen<\/p>\n<p style=\"text-align: justify;\">Klasse 3\/4:<\/p>\n<p style=\"text-align: justify;\">Teile des Fahrrads \u2013 Fahrr\u00e4der reparieren und pflegen \u2013 \u00dcbungen f\u00fcr die Fahrradpr\u00fcfung (Linksabbiegen, Vorfahrtregelungen, ein Hindernis umfahren).<\/p>\n<p style=\"text-align: justify;\">Im dritten und vierten Schuljahr f\u00fchrt die Fahrschule Karrenbauer in Zusammenarbeit mit dem ADAC ein Radfahrtraining auf dem Schulhof durch.<\/p>\n<h3><img loading=\"lazy\" decoding=\"async\" class=\"alignleft size-medium wp-image-504\" title=\"Drachenauto\" src=\"https:\/\/www.grundschule-birkesdorf.de\/kgsbd\/wp-content\/uploads\/2010\/02\/Drachenauto1-300x121.jpg\" alt=\"\" width=\"180\" height=\"73\" srcset=\"https:\/\/www.grundschule-birkesdorf.de\/kgsbd\/wp-content\/uploads\/2010\/02\/Drachenauto1-300x121.jpg 300w, https:\/\/www.grundschule-birkesdorf.de\/kgsbd\/wp-content\/uploads\/2010\/02\/Drachenauto1.jpg 571w\" sizes=\"auto, (max-width: 180px) 100vw, 180px\" \/>Verkehrsz\u00e4hmer<\/h3>\n<p style=\"text-align: justify;\">Zurzeit l\u00e4uft an der KGS Birkesdorf ein Schulweg-Programm. Dieses Programm hei\u00dft \u201aVerkehrsz\u00e4hmer\u2018 und hat zum Ziel, dass m\u00f6glichst viele Kinder ihren Schulweg zu Fu\u00df gehen. So soll die Verkehrssituation vor und nach dem Unterricht entsch\u00e4rft und den Kindern ein sicherer und sch\u00f6ner Schulweg erm\u00f6glicht werden.<br \/>\nVerkehrsz\u00e4hmer k\u00f6nnen alle Kinder der Schule werden, die sich bem\u00fchen, Autos zu z\u00e4hmen, die manchmal zu \u201egef\u00e4hrlichen Drachenwesen\u201c mutieren. Mit dieser Grundidee sind Kinder aufgerufen, eigene Wege wieder zu Fu\u00df zu gehen. Alle Sch\u00fclerinnen und Sch\u00fcler der Schule sammeln sogenannte \u201eZaubersterne\u201c auf vielerlei Weisen: als Belohnung f\u00fcr einen zu Fu\u00df zur\u00fcckgelegten Schulweg mit getragenem reflektierendem Sicherheitskragen oder einer reflektierenden Sicherheitsweste, f\u00fcr aufgeschriebene lustige oder spannende Schulwegerlebnisse.<br \/>\nZu Beginn des Schuljahres f\u00fchren alle ersten Klassen ein \u201eBordstein-Training\u201c durch. Die Eltern werden aufgefordert, mit ihren Kindern den Schulweg zu \u00fcben, Eltern und Kinder werden ermutigt, in Gruppen zur Schule zu gehen. Die Kinder werden so bef\u00e4higt, selbstst\u00e4ndig und sicher mobil zu werden &#8211; auch nachmittags. Durch erh\u00f6hte Mobilit\u00e4t wird das soziale Umfeld der Kinder erweitert und ihre sozialen Bindungen werden intensiviert. Die\u00a0 Bewegung vor und nach dem Unterricht, die Sozialkontakte und die M\u00f6glichkeit, auch mal ohne Betreuung von Erwachsenen zu sein, f\u00f6rdern die Entwicklung zu selbstst\u00e4ndigen und selbstbewussten Verkehrsteilnehmern. Sie werden als Erwachsene eher Alternativen zum Autofahren erkennen und als Autofahrer r\u00fccksichtsvoller mit nicht motorisierten Verkehrsteilnehmern sein, da sie als Kinder entsprechende Erfahrungen sammeln konnten.<br \/>\nWeitere Informationen auf <a title=\"www.verkehrszaehmer.de\" href=\"https:\/\/www.verkehrszaehmer.de\" target=\"_blank\" rel=\"noopener\">www.verkehrszaehmer.de<\/a><\/p>\n","protected":false},"excerpt":{"rendered":"<p>Der Schwerpunkt der Verkehrserziehung liegt f\u00fcr Sch\u00fcler und Sch\u00fclerinnen des ersten und zweiten Schuljahres auf praktischen \u00dcbungen, die darauf abzielen, zu einem aktiven, umsichtigen und situationsgerechten Verhalten zu erziehen (z.B. Bordsteintraining mit dem \u00f6rtlichen Polizisten, Verkehrszeichen). F\u00fcr Sch\u00fcler und Sch\u00fclerinnen &hellip; <a href=\"https:\/\/www.grundschule-birkesdorf.de\/?page_id=279\">Weiterlesen <span class=\"meta-nav\">&rarr;<\/span><\/a><\/p>\n","protected":false},"author":1,"featured_media":0,"parent":549,"menu_order":100,"comment_status":"closed","ping_status":"closed","template":"","meta":{"footnotes":""},"class_list":["post-279","page","type-page","status-publish","hentry"],"_links":{"self":[{"href":"https:\/\/www.grundschule-birkesdorf.de\/index.php?rest_route=\/wp\/v2\/pages\/279","targetHints":{"allow":["GET"]}}],"collection":[{"href":"https:\/\/www.grundschule-birkesdorf.de\/index.php?rest_route=\/wp\/v2\/pages"}],"about":[{"href":"https:\/\/www.grundschule-birkesdorf.de\/index.php?rest_route=\/wp\/v2\/types\/page"}],"author":[{"embeddable":true,"href":"https:\/\/www.grundschule-birkesdorf.de\/index.php?rest_route=\/wp\/v2\/users\/1"}],"replies":[{"embeddable":true,"href":"https:\/\/www.grundschule-birkesdorf.de\/index.php?rest_route=%2Fwp%2Fv2%2Fcomments&post=279"}],"version-history":[{"count":12,"href":"https:\/\/www.grundschule-birkesdorf.de\/index.php?rest_route=\/wp\/v2\/pages\/279\/revisions"}],"predecessor-version":[{"id":1515,"href":"https:\/\/www.grundschule-birkesdorf.de\/index.php?rest_route=\/wp\/v2\/pages\/279\/revisions\/1515"}],"up":[{"embeddable":true,"href":"https:\/\/www.grundschule-birkesdorf.de\/index.php?rest_route=\/wp\/v2\/pages\/549"}],"wp:attachment":[{"href":"https:\/\/www.grundschule-birkesdorf.de\/index.php?rest_route=%2Fwp%2Fv2%2Fmedia&parent=279"}],"curies":[{"name":"wp","href":"https:\/\/api.w.org\/{rel}","templated":true}]}}