{"id":28,"date":"2010-01-29T15:44:46","date_gmt":"2010-01-29T14:44:46","guid":{"rendered":"http:\/\/www.grundschule-birkesdorf.de\/kgsbd\/?page_id=28"},"modified":"2018-06-09T10:25:24","modified_gmt":"2018-06-09T09:25:24","slug":"ziele-unserer-schule","status":"publish","type":"page","link":"https:\/\/www.grundschule-birkesdorf.de\/?page_id=28","title":{"rendered":"Ziele unserer Schule"},"content":{"rendered":"<p style=\"text-align: justify;\">Unsere Schule versteht sich als Schule f\u00fcr alle Kinder. Die gegenseitige Akzeptanz und Offenheit f\u00fcr fremde Kulturen erm\u00f6glicht ein friedvolles Lernen. Damit orientiert sich unsere Erziehungs- und Bildungsarbeit an christlichen Wertvorstellungen.<\/p>\n<p style=\"text-align: justify;\">Unsere Schule ist eine eigenverantwortliche Schule, so wie sie das neue Schulgesetz NRW definiert (\u00a7 3 SchulG NRW vom 15.02.2005\/17.12.2009).<\/p>\n<p style=\"text-align: justify;\">Die Erziehung zur R\u00fccksichtnahme und Toleranz, besonders durch Kenntnis des eigenen kulturellen Hintergrundes und die Entwicklung der Individualit\u00e4t des Kindes im Hinblick auf die Gemeinschaftsf\u00e4higkeit, bilden Schwerpunkte unserer p\u00e4dagogischen Arbeit. Ebenso wichtig ist, den Kindern einen angemessenen Umgang mit Mitsch\u00fclern,\u00a0 Mitsch\u00fclerinnen und Erwachsenen und mit sich selbst nahe zu bringen. Regelm\u00e4\u00dfig werden Kurse zum Thema \u201eKinder stark machen\u201c angeboten.<br \/>\nDie individuelle F\u00f6rderung der Kinder in der Schuleingangsphase ist immer wieder an das gemeinsame Lernen gekoppelt; nur so wird eine verantwortliche P\u00e4dagogik der Aufgabe einer ganzheitlichen Erziehung und Bildung gerecht.<br \/>\nDen Kindern an unserer Schule wird ein Lernen \u201cmit Kopf, Herz und Hand\u201d erm\u00f6glicht. Dieses beinhaltet eine entsprechende Methodenvielfalt, durch die die Kinder zum selbstst\u00e4ndigen und eigenverantwortlichen Lernen bef\u00e4higt werden. Auch das Aufsuchen au\u00dferschulischer Lernorte, Schulfeste und Feiern im Jahreskreis erweitern und bereichern in diesem Zusammenhang den Unterricht.<br \/>\nEs ist uns wichtig, die Kinder an der Planung, Durchf\u00fchrung und Reflexion von Unterricht zu beteiligen. Dabei erf\u00e4hrt jedes Kind, dass es f\u00e4hig ist, etwas zu leisten.<br \/>\nIn einer Atmosph\u00e4re des vertrauensvollen Miteinanders soll jedes Kind seine Lernfreude und seine Leistungsbereitschaft erhalten und weiterentwickeln. Unterschiedliche Lernvoraussetzungen werden durch individuelle Diagnostik und F\u00f6rderung aufgefangen.<br \/>\nDas Kollegium der KGS Birkesdorf bildet sich auf allen relevanten p\u00e4dagogischen Themenfeldern regelm\u00e4\u00dfig fort; die Schulleitung arbeitet nach M\u00f6glichkeit durch gezielte Personaleinstellungen kontinuierlich an einer zielgerichteten Weiterentwicklung der p\u00e4dagogischen Konzeption der Schule.<br \/>\nUnsere Schule versteht sich als Ort der Kommunikation. In einem Schulklima der Mitmenschlichkeit und der sachlichen Auseinandersetzung arbeiten Sch\u00fcler, Sch\u00fclerinnen, Lehrer, Lehrerinnen und Eltern eng und vertrauensvoll zusammen. Aus dieser Grundeinstellung erw\u00e4chst ein insgesamt integratives Arbeiten.\u00a0 Als Schwerpunktschule f\u00fcr das Gemeinsame Lernen (GL) unterrichten wir Kinder mit einem festgestellten besonderen F\u00f6rderbedarf, darunter auch Kinder mit einer K\u00f6rperbehinderung, soweit die bauliche Situation dies zul\u00e4sst. Dieser lohnenswerte p\u00e4dagogische Ansatz hat durch die damit verbundene didaktische Konzeption und den Einsatz zweier Sonderp\u00e4dagoginnen seine absolut positiven Auswirkungen f\u00fcr alle Kinder.<\/p>\n<p style=\"text-align: justify;\">Hinsichtlich der Integration derjenigen Kinder, deren Muttersprache nicht Deutsch ist, arbeitet unsere Schule in einer vorschulischen Sprachf\u00f6rderung mit den Kinderg\u00e4rten konzeptionell zusammen; auf Grund eines von uns erstellten Integrationskonzepts haben wir einen Stellenzuschlag erhalten, so dass wir in der Lage sind, speziellen Integrationsunterricht (speziell in Deutsch und Mathematik) anzubieten, um sprachbedingte Verst\u00e4ndnisbarrieren auszur\u00e4umen.<\/p>\n<p style=\"text-align: justify;\">Die unterrichtliche Arbeit wird erg\u00e4nzt durch eine besondere F\u00f6rderung der Kinder in den beiden Schwerpunkten unserer Schule: dem musischen und dem sportlichen Bereich.<\/p>\n<p style=\"text-align: justify;\">Seit dem Schuljahr 2015\/16 bietet unsere Schule eine Euregio-AG an; dies bedeutet dass die niederl\u00e4ndische sowie die franz\u00f6sische Sprache f\u00fcr interessierte Kinder in Form einer jeweiligen AG unterrichtet wird. Au\u00dferdem werden ihnen unsere Nachbarl\u00e4nder Niederlande und Belgien sowie deren Kulturen n\u00e4her gebracht. Unsere Sch\u00fclerinnen und Sch\u00fcler leben in einer Region, die durch ihre Grenzlage und die damit verbundene N\u00e4he zu anderen Sprachen und Kulturen sehr besonders ist. Diese besondere Situation sollte im Schulalltag thematisiert werden: Die Sch\u00fclerinnen und Sch\u00fcler sollen sp\u00fcren, dass sie in Grenzn\u00e4he leben. Ebenso sollen sie erfahren, wie spannend dieser Lebensraum Grenzland ist und welche M\u00f6glichkeiten sich hier bieten.<\/p>\n<p style=\"text-align: justify;\"><img loading=\"lazy\" decoding=\"async\" class=\"aligncenter size-full wp-image-1310\" src=\"https:\/\/www.grundschule-birkesdorf.de\/kgsbd\/wp-content\/uploads\/2016\/05\/2016-03-Euregioprofilschul-Urkunde-S.jpg\" alt=\"2016-03-Euregioprofilschul-Urkunde-S\" width=\"568\" height=\"800\" srcset=\"https:\/\/www.grundschule-birkesdorf.de\/kgsbd\/wp-content\/uploads\/2016\/05\/2016-03-Euregioprofilschul-Urkunde-S.jpg 568w, https:\/\/www.grundschule-birkesdorf.de\/kgsbd\/wp-content\/uploads\/2016\/05\/2016-03-Euregioprofilschul-Urkunde-S-213x300.jpg 213w\" sizes=\"auto, (max-width: 568px) 100vw, 568px\" \/><\/p>\n","protected":false},"excerpt":{"rendered":"<p>Unsere Schule versteht sich als Schule f\u00fcr alle Kinder. Die gegenseitige Akzeptanz und Offenheit f\u00fcr fremde Kulturen erm\u00f6glicht ein friedvolles Lernen. Damit orientiert sich unsere Erziehungs- und Bildungsarbeit an christlichen Wertvorstellungen. Unsere Schule ist eine eigenverantwortliche Schule, so wie sie &hellip; <a href=\"https:\/\/www.grundschule-birkesdorf.de\/?page_id=28\">Weiterlesen <span class=\"meta-nav\">&rarr;<\/span><\/a><\/p>\n","protected":false},"author":1,"featured_media":0,"parent":14,"menu_order":20,"comment_status":"closed","ping_status":"closed","template":"","meta":{"footnotes":""},"class_list":["post-28","page","type-page","status-publish","hentry"],"_links":{"self":[{"href":"https:\/\/www.grundschule-birkesdorf.de\/index.php?rest_route=\/wp\/v2\/pages\/28","targetHints":{"allow":["GET"]}}],"collection":[{"href":"https:\/\/www.grundschule-birkesdorf.de\/index.php?rest_route=\/wp\/v2\/pages"}],"about":[{"href":"https:\/\/www.grundschule-birkesdorf.de\/index.php?rest_route=\/wp\/v2\/types\/page"}],"author":[{"embeddable":true,"href":"https:\/\/www.grundschule-birkesdorf.de\/index.php?rest_route=\/wp\/v2\/users\/1"}],"replies":[{"embeddable":true,"href":"https:\/\/www.grundschule-birkesdorf.de\/index.php?rest_route=%2Fwp%2Fv2%2Fcomments&post=28"}],"version-history":[{"count":17,"href":"https:\/\/www.grundschule-birkesdorf.de\/index.php?rest_route=\/wp\/v2\/pages\/28\/revisions"}],"predecessor-version":[{"id":1552,"href":"https:\/\/www.grundschule-birkesdorf.de\/index.php?rest_route=\/wp\/v2\/pages\/28\/revisions\/1552"}],"up":[{"embeddable":true,"href":"https:\/\/www.grundschule-birkesdorf.de\/index.php?rest_route=\/wp\/v2\/pages\/14"}],"wp:attachment":[{"href":"https:\/\/www.grundschule-birkesdorf.de\/index.php?rest_route=%2Fwp%2Fv2%2Fmedia&parent=28"}],"curies":[{"name":"wp","href":"https:\/\/api.w.org\/{rel}","templated":true}]}}