{"id":284,"date":"2010-02-02T16:00:13","date_gmt":"2010-02-02T15:00:13","guid":{"rendered":"http:\/\/www.grundschule-birkesdorf.de\/kgsbd\/?page_id=284"},"modified":"2024-11-06T08:28:40","modified_gmt":"2024-11-06T07:28:40","slug":"impressum","status":"publish","type":"page","link":"https:\/\/www.grundschule-birkesdorf.de\/?page_id=284","title":{"rendered":"Impressum"},"content":{"rendered":"<h3>KGS Birkesdorf<\/h3>\n<p>1. Anbieterkennzeichnung<br \/>\n2. Hinweise zur Haftung<br \/>\n3. Hinweise zu Urheber- und Kennzeichenrechten<br \/>\n3.1) Nutzungsbedingungen<br \/>\n3.2) Rechte Dritter<br \/>\n4. Hinweise zu Datenschutz, Datensicherheit und Auskunftsrecht<br \/>\n5.Powered by<\/p>\n<p><span style=\"text-decoration: underline;\"><strong>1. Anbieterkennzeichnung<\/strong><\/span><\/p>\n<h3>Schulleitung<\/h3>\n<p>Kerry Anne Hennen, Schulleiterin \/ Rektorin<\/p>\n<p>Weidenpesch 6-8<br \/>\n52353 D\u00fcren-Birkesdorf<\/p>\n<p>Telefon: (02421) 990220<br \/>\nTelefax: (02421) 9902229<\/p>\n<p>E-Mail: schulleitung [at] grundschule-birkesdorf.de<\/p>\n<p><strong>Schultr\u00e4ger<\/strong><\/p>\n<p>Diensteanbieter dieses Internetangebots im Sinne von im Sinne der \u00a7\u00a7 2 und 5 Abs. 1 TMG bzw. \u00a7 55 Abs. 1, 2 RStV:<\/p>\n<p>Stadt D\u00fcren<br \/>\nvertreten durch: P. Ullrich<br \/>\nKaiserplatz 2 &#8211; 4, 52349 D\u00fcren<br \/>\nTelefon: +49 2421 25-0<br \/>\nTelefax: +49 2421 25-2251<br \/>\nstadt [at] dueren.de<\/p>\n<p><span style=\"text-decoration: underline;\"><strong>2. Hinweise zur Haftung<\/strong><\/span><\/p>\n<p>2.1) Anbieter sind f\u00fcr die eigenen Inhalte, die sie zur Nutzung bereithalten, nach den allgemeinen Gesetzen verantwortlich. Von diesen eigenen Inhalten sind Querverweise auf die von anderen Anbietern bereitgehaltenen Inhalte zu unterscheiden. Die Inhalte fremder Web-Seiten, auf die mittels eines Hyperlinks verwiesen wird, dienen lediglich der Information. Die Verantwortlichkeit f\u00fcr diese fremden Inhalte liegt alleine bei dem Anbieter, der die Inhalte bereith\u00e4lt.<\/p>\n<p>2.2) Vor dem Einrichten des entsprechenden Verweises sind die Web-Seiten der anderen Anbieter mit gro\u00dfer Sorgfalt und nach bestem Wissen und Gewissen \u00fcberpr\u00fcft worden. Es kann jedoch keine Gew\u00e4hr f\u00fcr die Vollst\u00e4ndigkeit und Richtigkeit von Informationen \u00fcbernommen werden, die \u00fcber weiterf\u00fchrende Hyperlinks erreicht werden. Der Inhalt der anderen Web-Seiten kann jederzeit ohne unser Wissen ge\u00e4ndert werden. Falls wir auf Seiten verweisen sollten, deren Inhalt Anlass zur Beanstandung gibt, bitten wir um Mitteilung.<\/p>\n<p>2.3) Wir weisen auf ihre Berechtigung hin, ohne vorherige Ank\u00fcndigung \u00c4nderungen oder Erg\u00e4nzungen der bereitgestellten Informationen vorzunehmen, gegebenenfalls auch Informationen zu entfernen.<\/p>\n<p>2.4) Die Informationen auf der KGS\/GGS-Birkesdorf-Web-Site stellen keinen Rechtsrat dar und ersetzen keinesfalls eine rechtskundige Beratung.<\/p>\n<p><span style=\"text-decoration: underline;\"><strong>3. Hinweise zu Urheber- und Kennzeichenrechten<\/strong><\/span><\/p>\n<p>3.1) Nutzungsbedingungen:<\/p>\n<p>3.1.1) Die Werke auf der Web-Site der KGS Birkesdorf werden durch das deutsche Urheberrechtsgesetz und internationale Abkommen weltweit gesch\u00fctzt. Zwar wurde die Erstellung durch \u00f6ffentliche Mittel gef\u00f6rdert. Die Inhalte aber sind amtliche Werke i.S.v. \u00a7 5 UrhG.<\/p>\n<p>3.1.2) Ohne vorherige Genehmigung durch die KGS\/GGS Birkesdorf und au\u00dferhalb der gesetzlich zul\u00e4ssigen Verwertungshandlungen sind sowohl die kommerzielle Vervielf\u00e4ltigung, Verbreitung, \u00f6ffentliche Wiedergabe und Bearbeitung der auf diesem Server unterhalb der Domain grundschule-birkesdorf.de liegenden Web-Seiten als auch die kommerzielle Nutzung unserer Datenbanken ausdr\u00fccklich untersagt. Soweit es im Einzelfall nicht anders geregelt ist und soweit nicht fremde Rechte betroffen sind, ist die Vervielf\u00e4ltigung, Verbreitung, \u00f6ffentliche Wiedergabe und Bearbeitung dieser Web-Site oder einzelner Elemente in elektronischer oder gedruckter Form nur unter der Bedingung gestattet, dass der Urheber (sofern angegeben), die Quelle (&#8222;GGS Birkesdorf&#8220;, &#8222;www.grundschule-birkesdorf.de&#8220; u.a.) und die URL (z.B. https:\/\/www.grundschule-birkesdorf.de\/) genannt werden.<\/p>\n<p>3.1.3) Die Indexierung der von KGS\/GGS Birkesdorf angebotenen Dateien durch Suchmaschinen ist gestattet. Dies gilt auch f\u00fcr nichtkommerzielle Archive, wie sie von Google oder dem Internet-Archive aufgebaut werden.<\/p>\n<p>3.2) Rechte Dritter:<\/p>\n<p>3.2.1) Auf den KGS\/GGS-Birkesdorf-Servern wird fast ausschlie\u00dflich kostenfreie Software eingesetzt. Dabei handelt es sich h\u00e4ufig um Open-Source Software, deren Quellcode frei verf\u00fcgbar ist.<\/p>\n<p>3.2.2) F\u00fcr den Web-Auftritt wird WordPress sowie ein freies Theme verwendet (siehe Punkt 5. Powered by). Als Datenbank kommt MySQL zum Einsatz. PHP wird vom Serverbetreiber &#8222;Strato&#8220; zur Verf\u00fcgung gestellt.<\/p>\n<p>3.2.3) Zur Auswertung der Zugriffe und zur Erstellung von Statistiken wird ein WordPress Plugin verwendet (Counterrize2). Weiterf\u00fchrende Informationen sind unter Punkt 4. nachfolgend zu finden.<\/p>\n<p><span style=\"text-decoration: underline;\"><strong>4. Hinweise zu Datenschutz, Datensicherheit und Auskunftsrecht<\/strong><\/span><\/p>\n<p>Die KGS\/GGS Birkesdorf unterst\u00fctzt den Schutz der Privatsph\u00e4re seiner Nutzer.<br \/>\nIhr Besuch auf dieser Webseite wird lediglich als ein anonymer Abruf f\u00fcr Statistikzwecke gespeichert und beinhaltet keine personenbezogenen Angaben.<br \/>\nEs werden folgende Daten erhoben und im Server-Log des Providers sowie in einem Statistic-Plugin der Homepage (siehe 3.2.3) gespeichert:<\/p>\n<p>* Browsertyp\/ -version<br \/>\n* verwendetes Betriebssystem<br \/>\n* Referrer-URL<br \/>\n* IP-Adresse des zugreifenden Rechners<br \/>\n* Uhrzeit und Dauer der Serveranfrage<\/p>\n<p>4.1)Auskunftsrecht:<br \/>\nEin Auskunftsersuchen \u00fcber die bez\u00fcglich Ihres Besuches gespeicherten Daten stellen Sie bitte \u00fcber E-Mail. In diesem Fall werden nat\u00fcrlich Ihr Name und Ihre E-Mail gespeichert.<\/p>\n<p>&#8212;&#8212;&#8212;&#8212;&#8212;&#8212;&#8212;&#8212;&#8212;&#8212;&#8212;&#8212;&#8212;&#8211;<\/p>\n<p><span style=\"text-decoration: underline;\"><strong>5. Powered by<\/strong><\/span><br \/>\nDie Seite ist powered by <span style=\"text-decoration: underline;\"><strong><a href=\"https:\/\/wordpress-deutschland.org\/\">WordPress<\/a><\/strong><\/span>.<\/p>\n","protected":false},"excerpt":{"rendered":"<p>KGS Birkesdorf 1. Anbieterkennzeichnung 2. Hinweise zur Haftung 3. Hinweise zu Urheber- und Kennzeichenrechten 3.1) Nutzungsbedingungen 3.2) Rechte Dritter 4. Hinweise zu Datenschutz, Datensicherheit und Auskunftsrecht 5.Powered by 1. Anbieterkennzeichnung Schulleitung Kerry Anne Hennen, Schulleiterin \/ Rektorin Weidenpesch 6-8 52353 &hellip; <a href=\"https:\/\/www.grundschule-birkesdorf.de\/?page_id=284\">Weiterlesen <span class=\"meta-nav\">&rarr;<\/span><\/a><\/p>\n","protected":false},"author":1,"featured_media":0,"parent":0,"menu_order":50,"comment_status":"closed","ping_status":"closed","template":"","meta":{"footnotes":""},"class_list":["post-284","page","type-page","status-publish","hentry"],"_links":{"self":[{"href":"https:\/\/www.grundschule-birkesdorf.de\/index.php?rest_route=\/wp\/v2\/pages\/284","targetHints":{"allow":["GET"]}}],"collection":[{"href":"https:\/\/www.grundschule-birkesdorf.de\/index.php?rest_route=\/wp\/v2\/pages"}],"about":[{"href":"https:\/\/www.grundschule-birkesdorf.de\/index.php?rest_route=\/wp\/v2\/types\/page"}],"author":[{"embeddable":true,"href":"https:\/\/www.grundschule-birkesdorf.de\/index.php?rest_route=\/wp\/v2\/users\/1"}],"replies":[{"embeddable":true,"href":"https:\/\/www.grundschule-birkesdorf.de\/index.php?rest_route=%2Fwp%2Fv2%2Fcomments&post=284"}],"version-history":[{"count":28,"href":"https:\/\/www.grundschule-birkesdorf.de\/index.php?rest_route=\/wp\/v2\/pages\/284\/revisions"}],"predecessor-version":[{"id":2964,"href":"https:\/\/www.grundschule-birkesdorf.de\/index.php?rest_route=\/wp\/v2\/pages\/284\/revisions\/2964"}],"wp:attachment":[{"href":"https:\/\/www.grundschule-birkesdorf.de\/index.php?rest_route=%2Fwp%2Fv2%2Fmedia&parent=284"}],"curies":[{"name":"wp","href":"https:\/\/api.w.org\/{rel}","templated":true}]}}