{"id":2902,"date":"2023-11-16T12:55:06","date_gmt":"2023-11-16T11:55:06","guid":{"rendered":"https:\/\/www.grundschule-birkesdorf.de\/?page_id=2902"},"modified":"2025-10-12T14:16:50","modified_gmt":"2025-10-12T13:16:50","slug":"schulsozialarbeit","status":"publish","type":"page","link":"https:\/\/www.grundschule-birkesdorf.de\/?page_id=2902","title":{"rendered":"Schulsozialarbeit"},"content":{"rendered":"\n<figure class=\"wp-block-image size-full\"><a href=\"https:\/\/www.grundschule-birkesdorf.de\/kgsbd\/wp-content\/uploads\/2023\/11\/Stadt-Dueren-Schulsozialarbeit.png\"><img loading=\"lazy\" decoding=\"async\" width=\"940\" height=\"159\" src=\"https:\/\/www.grundschule-birkesdorf.de\/kgsbd\/wp-content\/uploads\/2023\/11\/Stadt-Dueren-Schulsozialarbeit.png\" alt=\"\" class=\"wp-image-2903\" srcset=\"https:\/\/www.grundschule-birkesdorf.de\/kgsbd\/wp-content\/uploads\/2023\/11\/Stadt-Dueren-Schulsozialarbeit.png 940w, https:\/\/www.grundschule-birkesdorf.de\/kgsbd\/wp-content\/uploads\/2023\/11\/Stadt-Dueren-Schulsozialarbeit-300x51.png 300w, https:\/\/www.grundschule-birkesdorf.de\/kgsbd\/wp-content\/uploads\/2023\/11\/Stadt-Dueren-Schulsozialarbeit-768x130.png 768w\" sizes=\"auto, (max-width: 940px) 100vw, 940px\" \/><\/a><\/figure>\n\n\n\n<p>Liebe Sch\u00fcler*innen, liebe Eltern und Erziehungsberechtigte,<\/p>\n\n\n\n<p>Frau Fa\u00dfbender steht Ihnen mit den Angeboten der Schulsozialarbeit an vier Tagen in der Woche zur Verf\u00fcgung.<\/p>\n\n\n\n<p><strong>Welche Angebote bietet die Schulsozialarbeit?<\/strong><\/p>\n\n\n\n<ul class=\"wp-block-list\">\n<li>Unterst\u00fctzung von Kindern und Jugendlichen in ihrer schulischen und au\u00dferschulischen Entwicklung<\/li>\n\n\n\n<li>Beratung von Eltern, Erziehungsberechtigten, Lehrern und Lehrerinnen<\/li>\n\n\n\n<li>Sozialp\u00e4dagogische Gruppenarbeit und Projekte<\/li>\n\n\n\n<li>Enge Vernetzung mit Diensten und Einrichtungen, wie z.B. der Jugendhilfe, der Jobcom und dem Jugendamt<\/li>\n\n\n\n<li>Unterst\u00fctzung bei der Beantragung von finanziellen Leistungen aus dem Bildungs- und Teilhabepaket<\/li>\n<\/ul>\n\n\n\n<p>Die Angebote der Schulsozialarbeit k\u00f6nnen <strong>kostenlos<\/strong> und <strong>freiwillig<\/strong> in Anspruch genommen werden.<\/p>\n\n\n\n<p><strong>Wie sieht die Zusammenarbeit aus?<\/strong><\/p>\n\n\n\n<p>Die Grundprinzipien der Zusammenarbeit beruhen auf:&nbsp;<\/p>\n\n\n\n<ul class=\"wp-block-list\">\n<li>Vertraulichkeit<\/li>\n\n\n\n<li>Freiwilligkeit<\/li>\n\n\n\n<li>Niederschwelligkeit \/ leichte Erreichbarkeit<\/li>\n\n\n\n<li>Offenheit und Empathie<\/li>\n\n\n\n<li>Respektvoller Umgang und Wertsch\u00e4tzung<\/li>\n\n\n\n<li>Ressourcenorientierte Arbeitsweise &nbsp;<\/li>\n<\/ul>\n\n\n\n<p><strong>Kommen Sie gerne auf mich zu! Ich freue mich auf Sie.<\/strong><\/p>\n\n\n\n<p>Sie erreichen mich vor Ort, telefonisch oder per Mail.<\/p>\n\n\n\n<p>Stadt D\u00fcren&nbsp;&nbsp;&nbsp;&nbsp;&nbsp;&nbsp;&nbsp;&nbsp;&nbsp;&nbsp;&nbsp;&nbsp;&nbsp;&nbsp;&nbsp;&nbsp;&nbsp;&nbsp;&nbsp;&nbsp;&nbsp;&nbsp;&nbsp;&nbsp;&nbsp;&nbsp;&nbsp;&nbsp;&nbsp;&nbsp;&nbsp;&nbsp;&nbsp;&nbsp;&nbsp;&nbsp;&nbsp;&nbsp;&nbsp;&nbsp;&nbsp;&nbsp;&nbsp;&nbsp;&nbsp;&nbsp;&nbsp;&nbsp;&nbsp; B\u00fcro:<\/p>\n\n\n\n<p>Schulsozialarbeit\u00a0\u00a0\u00a0\u00a0\u00a0\u00a0\u00a0\u00a0\u00a0\u00a0\u00a0\u00a0\u00a0\u00a0\u00a0\u00a0\u00a0\u00a0\u00a0\u00a0\u00a0\u00a0\u00a0\u00a0\u00a0\u00a0\u00a0\u00a0\u00a0\u00a0\u00a0\u00a0\u00a0\u00a0\u00a0\u00a0\u00a0\u00a0\u00a0\u00a0\u00a0\u00a0 GGS Birkesdorf<\/p>\n\n\n\n<p>Laura Fa\u00dfbender&nbsp;&nbsp;&nbsp;&nbsp;&nbsp;&nbsp;&nbsp;&nbsp;&nbsp;&nbsp;&nbsp;&nbsp;&nbsp;&nbsp;&nbsp;&nbsp;&nbsp;&nbsp;&nbsp;&nbsp;&nbsp;&nbsp;&nbsp;&nbsp;&nbsp;&nbsp;&nbsp;&nbsp;&nbsp;&nbsp;&nbsp;&nbsp;&nbsp;&nbsp;&nbsp;&nbsp;&nbsp;&nbsp;&nbsp;&nbsp;&nbsp; Weidenpesch 6-8<\/p>\n\n\n\n<p>0170 \u2013 57 27 825&nbsp;&nbsp;&nbsp;&nbsp;&nbsp;&nbsp;&nbsp;&nbsp;&nbsp;&nbsp;&nbsp;&nbsp;&nbsp;&nbsp;&nbsp;&nbsp;&nbsp;&nbsp;&nbsp;&nbsp;&nbsp;&nbsp;&nbsp;&nbsp;&nbsp;&nbsp;&nbsp;&nbsp;&nbsp;&nbsp;&nbsp;&nbsp;&nbsp;&nbsp;&nbsp;&nbsp;&nbsp;&nbsp;&nbsp;&nbsp;&nbsp; 52353 D\u00fcren<\/p>\n\n\n\n<p>l.fassbender@dueren.de&nbsp;&nbsp;&nbsp;&nbsp;&nbsp;&nbsp;&nbsp;&nbsp;&nbsp;&nbsp;&nbsp;&nbsp;&nbsp;&nbsp;&nbsp;&nbsp;&nbsp;&nbsp;&nbsp;&nbsp;&nbsp;&nbsp;&nbsp;&nbsp;&nbsp;&nbsp;&nbsp;&nbsp;&nbsp;&nbsp; Raum 215 (2. Etage)<\/p>\n\n\n\n<p>&nbsp;&nbsp;&nbsp;&nbsp;&nbsp;&nbsp;&nbsp;&nbsp;&nbsp;&nbsp;&nbsp;&nbsp;&nbsp;&nbsp;&nbsp;&nbsp;&nbsp;&nbsp;&nbsp;&nbsp;&nbsp;&nbsp;&nbsp;&nbsp;&nbsp;&nbsp;&nbsp;&nbsp;&nbsp;&nbsp;&nbsp;&nbsp;&nbsp;&nbsp;&nbsp;&nbsp;&nbsp;&nbsp;&nbsp;&nbsp;&nbsp;&nbsp;&nbsp;&nbsp;&nbsp;&nbsp;&nbsp;&nbsp;&nbsp;&nbsp;&nbsp;&nbsp;&nbsp;&nbsp;&nbsp;&nbsp;&nbsp;&nbsp;&nbsp;&nbsp;&nbsp;&nbsp;&nbsp;&nbsp;&nbsp;&nbsp;&nbsp;&nbsp; <strong>Mo. \u2013 Do.<\/strong> 8-12 Uhr<\/p>\n\n\n\n<p>&nbsp;&nbsp;&nbsp;&nbsp;&nbsp;&nbsp;&nbsp;&nbsp;&nbsp;&nbsp;&nbsp;&nbsp;&nbsp;&nbsp;&nbsp;&nbsp;&nbsp;&nbsp;&nbsp;&nbsp;&nbsp;&nbsp;&nbsp;&nbsp;&nbsp;&nbsp;&nbsp;&nbsp;&nbsp;&nbsp;&nbsp;&nbsp;&nbsp;&nbsp;&nbsp;&nbsp;&nbsp;&nbsp;&nbsp;&nbsp;&nbsp;&nbsp;&nbsp;&nbsp;&nbsp;&nbsp;&nbsp;&nbsp;&nbsp;&nbsp;&nbsp;&nbsp;&nbsp;&nbsp;&nbsp;&nbsp;&nbsp;&nbsp;&nbsp;&nbsp;&nbsp;&nbsp;&nbsp;&nbsp;&nbsp;&nbsp;&nbsp;&nbsp; <strong>Di. und Mi.<\/strong> 12-14 Uhr (nach vorheriger Vereinbarung)<\/p>\n","protected":false},"excerpt":{"rendered":"<p>Liebe Sch\u00fcler*innen, liebe Eltern und Erziehungsberechtigte, Frau Fa\u00dfbender steht Ihnen mit den Angeboten der Schulsozialarbeit an vier Tagen in der Woche zur Verf\u00fcgung. Welche Angebote bietet die Schulsozialarbeit? Die Angebote der Schulsozialarbeit k\u00f6nnen kostenlos und freiwillig in Anspruch genommen werden. &hellip; <a href=\"https:\/\/www.grundschule-birkesdorf.de\/?page_id=2902\">Weiterlesen <span class=\"meta-nav\">&rarr;<\/span><\/a><\/p>\n","protected":false},"author":1,"featured_media":0,"parent":0,"menu_order":31,"comment_status":"closed","ping_status":"closed","template":"","meta":{"footnotes":""},"class_list":["post-2902","page","type-page","status-publish","hentry"],"_links":{"self":[{"href":"https:\/\/www.grundschule-birkesdorf.de\/index.php?rest_route=\/wp\/v2\/pages\/2902","targetHints":{"allow":["GET"]}}],"collection":[{"href":"https:\/\/www.grundschule-birkesdorf.de\/index.php?rest_route=\/wp\/v2\/pages"}],"about":[{"href":"https:\/\/www.grundschule-birkesdorf.de\/index.php?rest_route=\/wp\/v2\/types\/page"}],"author":[{"embeddable":true,"href":"https:\/\/www.grundschule-birkesdorf.de\/index.php?rest_route=\/wp\/v2\/users\/1"}],"replies":[{"embeddable":true,"href":"https:\/\/www.grundschule-birkesdorf.de\/index.php?rest_route=%2Fwp%2Fv2%2Fcomments&post=2902"}],"version-history":[{"count":2,"href":"https:\/\/www.grundschule-birkesdorf.de\/index.php?rest_route=\/wp\/v2\/pages\/2902\/revisions"}],"predecessor-version":[{"id":3040,"href":"https:\/\/www.grundschule-birkesdorf.de\/index.php?rest_route=\/wp\/v2\/pages\/2902\/revisions\/3040"}],"wp:attachment":[{"href":"https:\/\/www.grundschule-birkesdorf.de\/index.php?rest_route=%2Fwp%2Fv2%2Fmedia&parent=2902"}],"curies":[{"name":"wp","href":"https:\/\/api.w.org\/{rel}","templated":true}]}}