{"id":300,"date":"2010-02-02T16:39:52","date_gmt":"2010-02-02T15:39:52","guid":{"rendered":"http:\/\/www.grundschule-birkesdorf.de\/kgsbd\/?page_id=300"},"modified":"2023-08-14T08:33:10","modified_gmt":"2023-08-14T07:33:10","slug":"unterricht-und-medien","status":"publish","type":"page","link":"https:\/\/www.grundschule-birkesdorf.de\/?page_id=300","title":{"rendered":"Medienerziehung"},"content":{"rendered":"<p style=\"text-align: justify;\">Medien wie Lexika, Karten, Bluetooth-Lautsprecher, CD-Player, Fachb\u00fccher, Zeitungen, Zeitschriften, Beamer, TV, Video, Overhead-Projektor u. a. sind in unseren Klassen als Lernmedien bereits seit etlichen Jahren vorhanden. Ebenso verf\u00fcgen wir seit Jahren \u00fcber zwei Computerr\u00e4ume sowie IPads zur Nutzung in den Klassenr\u00e4umen. Im Rahmen der Digitalisierung stehen neben der &#8222;normalen&#8220; Kreidetafel auch zwei digitale Tafeln zur Verf\u00fcgung.<\/p>\n<p style=\"text-align: justify;\">Das Kollegium stellt sich den fachlichen Anforderungen des Mediums PC, indem es unterschiedliche Fortbildungsangebote wahrnimmt. Wir sind uns bewusst, dass auch das Medium PC ein Hilfsmittel zum Erreichen der in den verbindlichen Richtlinien fest gelegten Ziele ist. Sein Einsatz muss demzufolge ausgewogen, verantwortungsbewusst und effizient sein.<br \/>\nAlle Rechner im Computerraum verwenden schulformspezifische Lernsoftware f\u00fcr die F\u00e4cher der Grundschule. Erg\u00e4nzt wird dieses Medienpaket durch eine Schulversion des Programms \u201cLernwerkstatt\u201d. Diese Programme dienen der differenzierten F\u00f6rderung, Wiederholung und \u00dcbung besonderer Stoffinhalte.<\/p>\n<p style=\"text-align: justify;\">Durch den Einsatz von Antolin besteht die M\u00f6glichkeit, den Leseerfolg der Kinder zu kontrollieren \u2013 sowohl f\u00fcr die Kinder, Eltern wie auch f\u00fcr die Lehrer. Dazu melden die Lehrkr\u00e4fte ihre Klasse auf der Internetseite \u201eantolin.de\u201c an. Sie haben die M\u00f6glichkeit, den\u00a0 Lesefortschritt zu beobachten und zu protokollieren. Die Kinder bearbeiten \u00dcbungen dort selbst\u00e4ndig zuhause und in der Schule. Eltern werden auf Elternpflegschaftssitzungen \u00fcber den Einsatz, die Handhabung und die M\u00f6glichkeiten des Programms informiert.<\/p>\n<p style=\"text-align: justify;\">Eine Computer-AG ist ein festes Angebot unseres Unterrichts. Kinder, die in der Computer-AG gearbeitet haben, k\u00f6nnen das erlangte Wissen ihren Klassenkameraden vermitteln, so dass sie zu einem selbstst\u00e4ndigen Umgang mit den Rechnern in der eigenen Klasse bef\u00e4higt werden. Dadurch k\u00f6nnen sie z. B. mit dem Nachschlagewerk Encarta (CD-Rom) arbeiten und sich Informationen f\u00fcr den Unterricht beschaffen und nutzen.<\/p>\n","protected":false},"excerpt":{"rendered":"<p>Medien wie Lexika, Karten, Bluetooth-Lautsprecher, CD-Player, Fachb\u00fccher, Zeitungen, Zeitschriften, Beamer, TV, Video, Overhead-Projektor u. a. sind in unseren Klassen als Lernmedien bereits seit etlichen Jahren vorhanden. Ebenso verf\u00fcgen wir seit Jahren \u00fcber zwei Computerr\u00e4ume sowie IPads zur Nutzung in den &hellip; <a href=\"https:\/\/www.grundschule-birkesdorf.de\/?page_id=300\">Weiterlesen <span class=\"meta-nav\">&rarr;<\/span><\/a><\/p>\n","protected":false},"author":1,"featured_media":0,"parent":549,"menu_order":90,"comment_status":"closed","ping_status":"closed","template":"","meta":{"footnotes":""},"class_list":["post-300","page","type-page","status-publish","hentry"],"_links":{"self":[{"href":"https:\/\/www.grundschule-birkesdorf.de\/index.php?rest_route=\/wp\/v2\/pages\/300","targetHints":{"allow":["GET"]}}],"collection":[{"href":"https:\/\/www.grundschule-birkesdorf.de\/index.php?rest_route=\/wp\/v2\/pages"}],"about":[{"href":"https:\/\/www.grundschule-birkesdorf.de\/index.php?rest_route=\/wp\/v2\/types\/page"}],"author":[{"embeddable":true,"href":"https:\/\/www.grundschule-birkesdorf.de\/index.php?rest_route=\/wp\/v2\/users\/1"}],"replies":[{"embeddable":true,"href":"https:\/\/www.grundschule-birkesdorf.de\/index.php?rest_route=%2Fwp%2Fv2%2Fcomments&post=300"}],"version-history":[{"count":11,"href":"https:\/\/www.grundschule-birkesdorf.de\/index.php?rest_route=\/wp\/v2\/pages\/300\/revisions"}],"predecessor-version":[{"id":2842,"href":"https:\/\/www.grundschule-birkesdorf.de\/index.php?rest_route=\/wp\/v2\/pages\/300\/revisions\/2842"}],"up":[{"embeddable":true,"href":"https:\/\/www.grundschule-birkesdorf.de\/index.php?rest_route=\/wp\/v2\/pages\/549"}],"wp:attachment":[{"href":"https:\/\/www.grundschule-birkesdorf.de\/index.php?rest_route=%2Fwp%2Fv2%2Fmedia&parent=300"}],"curies":[{"name":"wp","href":"https:\/\/api.w.org\/{rel}","templated":true}]}}