{"id":322,"date":"2010-02-05T10:57:35","date_gmt":"2010-02-05T09:57:35","guid":{"rendered":"http:\/\/www.grundschule-birkesdorf.de\/kgsbd\/?page_id=322"},"modified":"2026-04-29T08:36:47","modified_gmt":"2026-04-29T07:36:47","slug":"termine","status":"publish","type":"page","link":"https:\/\/www.grundschule-birkesdorf.de\/?page_id=322","title":{"rendered":"Termine"},"content":{"rendered":"<p style=\"text-align: center;\"><img loading=\"lazy\" decoding=\"async\" class=\"size-medium wp-image-360 aligncenter\" title=\"schulleitung3\" src=\"https:\/\/www.grundschule-birkesdorf.de\/kgsbd\/wp-content\/uploads\/2010\/02\/schulleitung3-300x174.jpg\" alt=\"\" width=\"300\" height=\"174\" srcset=\"https:\/\/www.grundschule-birkesdorf.de\/kgsbd\/wp-content\/uploads\/2010\/02\/schulleitung3-300x174.jpg 300w, https:\/\/www.grundschule-birkesdorf.de\/kgsbd\/wp-content\/uploads\/2010\/02\/schulleitung3.jpg 450w\" sizes=\"auto, (max-width: 300px) 100vw, 300px\" \/><\/p>\n<p>Nachfolgend nennen wir Ihnen die bisher geplanten Termine.<\/p>\n<p>Achten Sie bitte auch auf die Rubrik &#8222;Aktuelles&#8220; auf der rechten Seite unserer Homepage.<\/p>\n<p>Erg\u00e4nzungen werden nach Bedarf schriftlich mitgeteilt.<\/p>\n<p>*<\/p>\n<p><strong>30.03. &#8211; 10.04.2026\u00a0 \u00a0 \u00a0Osterferien<\/strong><\/p>\n<p>ab 13.04.2026\u00a0 \u00a0 Monat des Sports<\/p>\n<p>27.04.2026\u00a0 \u00a0 \u00a0Informationsabend f\u00fcr Eltern vierj\u00e4hriger Kinder (19 Uhr, GGS Birkesdorf, Aquarium R. 021)<\/p>\n<p>01.05.2026\u00a0 \u00a0 \u00a0Tag der Arbeit (Feiertag &#8211; schulfrei)<\/p>\n<p>09.05.2026\u00a0 \u00a0 \u00a0Spendenlauf der GGS Birkesdorf (vormittags, verpflichtende Schulveranstaltung)<\/p>\n<p>voraussichtlich 19.05.2026\u00a0 \u00a0 \u00a0Bundesjugendspiele Klassen 1 und 2<\/p>\n<p>voraussichtlich 21.05.2026\u00a0 \u00a0 \u00a0Bundesjugendspiele Klassen 3 und 4<\/p>\n<p>14.05.2026\u00a0 \u00a0 \u00a0Christi Himmelfahrt (Feiertag &#8211; schulfrei)<\/p>\n<p>15.05.2026\u00a0 \u00a0 \u00a0schulfrei (Betreuungen geschlossen)<\/p>\n<p>25. + 26.05.2026\u00a0 \u00a0 \u00a0Pfingstferien (Feiertag &#8211; schulfrei)<\/p>\n<p>04.06.2026\u00a0 \u00a0 \u00a0Fronleichnam (Feiertag &#8211; schulfrei)<\/p>\n<p>05.06.2026\u00a0 \u00a0 \u00a0schulfrei (Betreuungen geschlossen)<\/p>\n<p>29.06.2026\u00a0 \u00a0Elternabend Einschulung 2026 (19 Uhr Turnhalle)<\/p>\n<p>30.06.2026\u00a0 \u00a0 \u00a0Schnupperstunde f\u00fcr unsere Schulneulinge &#8211; Einschulung 2026 (10 Uhr Treffen auf dem Schulhof)<\/p>\n<p>06.07. &#8211; 10.07.2026\u00a0 \u00a0 \u00a0Wanderwoche<\/p>\n<p>13.07.2026\u00a0 \u00a0 \u00a0Zeugnisausgabe 1.\/2. Jahrgang\u00a0 (3 Stunden Unterricht, Unterrichtsschluss 10.45 Uhr, Betreuungen finden statt)<\/p>\n<p>16.07.2026\u00a0 \u00a0 \u00a0Abschlussfeier 4. Jahrgang (vormittags XX Uhr Gottesdienst, anschlie\u00dfend Feier in der Turnhalle)<\/p>\n<p>17.07.2026\u00a0 \u00a0 \u00a0Zeugnisausgabe 3.\/4. Jahrgang (3 Stunden Unterricht, Unterrichtsschluss 10.45 Uhr, Betreuungen finden statt)<\/p>\n<p><strong>20.07.2026 &#8211; 01.09.2026\u00a0 \u00a0 \u00a0Sommerferien<\/strong><\/p>\n<p>02.09.2026\u00a0 \u00a0 Erster Schultag des Schuljahres 2026\/27 (4 Stunden Unterricht 07.45 &#8211; 11.30 Uhr)<\/p>\n<p>03.09.2026\u00a0 \u00a0 Einschulung unserer ersten Klassen<\/p>\n<p>07.09.2026\u00a0 \u00a0 Klassenpflegschaft Klasse 4 (19 Uhr, jeweils im Klassenraum)<\/p>\n<p>08.09.2026\u00a0 \u00a0 Klassenpflegschaft Klasse 3 (19 Uhr, jeweils im Klassenraum)<\/p>\n<p>09.09.2026\u00a0 \u00a0 Klassenpflegschaft Klasse 2 (19 Uhr, jeweils im Klassenraum)<\/p>\n<p>10.09.2026\u00a0 \u00a0 Klassenpflegschaft Klasse 1 (19 Uhr, jeweils im Klassenraum)<\/p>\n<p>21.09.2026\u00a0 \u00a0 Schulpflegschaftssitzung (19 Uhr, Aquarium R. 021; f\u00fcr die gew\u00e4hlten Klassenpflegschaftsvorsitzenden und -vertretungen)<\/p>\n<p>26.09.2026\u00a0 \u00a0 Tag der offenen T\u00fcr f\u00fcr Vorschulkinder und ihre Eltern (Unterricht f\u00fcr alle Klassen von 08.45 &#8211; ca. 12.00 Uhr)<\/p>\n<p>05.10.2026\u00a0 \u00a0 Erste Schulkonferenz (19 Uhr, Lehrerzimmer R. 213; f\u00fcr die gew\u00e4hlten Mitglieder der Schulkonferenz)<\/p>\n<p>13.10.2026\u00a0 \u00a0 P\u00e4dagogischer Ganztag (schulfrei; OGS-Betreuung ge\u00f6ffnet)<\/p>\n<p><strong>19.10.2026 \u2013 30.10.2026\u00a0 \u00a0 Herbstferien<\/strong><\/p>\n<p>19. \u2013 30.10.2026\u00a0 \u00a0 OGS-Betreuung ge\u00f6ffnet<\/p>\n<p>03.11.2026\u00a0 \u00a0 P\u00e4dagogischer Ganztag (schulfrei; OGS-Betreuung ge\u00f6ffnet)<\/p>\n<p>10.11.2026\u00a0 \u00a0 St. Martins-Umzug (17.45 Treffen, 18 Uhr Beginn)<\/p>\n<p>16. \u2013 20.11.2026\u00a0 \u00a0 Elternsprechtage mit Beratung zur weiterf\u00fchrende Schule Klasse 4<\/p>\n<p>20.11.2026\u00a0 \u00a0 Vorlesetag<\/p>\n<p>23.11.2026\u00a0 \u00a0 Informationsveranstaltung weiterf\u00fchrende Schule &#8211; Klasse 4 (19 Uhr, GGS Birkesdorf Aquarium Raum 021)<\/p>\n<p>23. &#8211; 27.11.2026\u00a0 \u00a0 Elternsprechtage Klasse 1, 2, 3<\/p>\n<p>16.12.2026\u00a0 \u00a0 Gl\u00fchw\u00fcrmchen-Aktion<\/p>\n<p><strong>23.12.2026 &#8211; 06.01.2027\u00a0 \u00a0 Weihnachtsferien<\/strong><\/p>\n<p>04. \u2013 06.01.2027\u00a0 \u00a0 OGS-Betreuung ge\u00f6ffnet<\/p>\n<p>04.02.2027\u00a0 \u00a0 Karnevalsfeier an der GGS Birkesdorf<\/p>\n<p>05. &#8211; 09.02.2027\u00a0 \u00a0 schulfrei wegen Karneval<\/p>\n<p>05. + 09.02.2027\u00a0 \u00a0 OGS-Betreuung ge\u00f6ffnet<\/p>\n<p>12.02.2027\u00a0 \u00a0 Zeugnisausgabe 3.\/4. Jg. (3 Stunden Unterricht, Unterrichtsschluss 10.45 Uhr, Betreuungen finden statt)<\/p>\n<p>08.03. &#8211; 12.03.2027\u00a0 \u00a0 Elternsprechtage<\/p>\n<p>16.03.2027\u00a0 \u00a0 P\u00e4dagogischer Ganztag (schulfrei; OGS-Betreuung ge\u00f6ffnet)<\/p>\n<p><strong>22.03. &#8211; 02.04.2027\u00a0 \u00a0 Osterferien<\/strong><\/p>\n<p>22. \u2013 25.04.2027 + 30.04. \u2013 02.05.2027\u00a0 \u00a0 OGS-Betreuung ge\u00f6ffnet<\/p>\n<p>ab 05.04.2027\u00a0 \u00a0 Monat des Sports<\/p>\n<p>24.05.2027\u00a0 \u00a0 voraussichtlich Spendenlauf der GGS Birkesdorf (verpflichtende Schulveranstaltung, vormittags)<\/p>\n<p>06.05.2027\u00a0 \u00a0 Christi Himmelfahrt (Feiertag &#8211; schulfrei)<\/p>\n<p>07.05.2027\u00a0 \u00a0 schulfrei \/ OGS-Betreuung geschlossen<\/p>\n<p>xx.05.2027\u00a0 \u00a0 voraussichtlich Bundesjugendspiele<\/p>\n<p>17. + 18.05.2027\u00a0 \u00a0 Pfingstferien (Feiertag &#8211; schulfrei)<br \/>\nOGS-Betreuung geschlossen<\/p>\n<p>27.05.2027\u00a0 \u00a0 Fronleichnam (Feiertag &#8211; schulfrei)<\/p>\n<p>28.05.2027\u00a0 \u00a0 schulfrei \/ OGS-Betreuung geschlossen<\/p>\n<p>28.06.2027\u00a0 \u00a0 Elternabend &#8211; Einschulung August 2027 (19 Uhr, Turnhalle)<\/p>\n<p>29.06.2027\u00a0 \u00a0 Schnupperstunde f\u00fcr unsere Schulneulinge (10 &#8211; 11 Uhr, Treffen auf unserem Schulhof)<\/p>\n<p>05. &#8211; 09.07.2027\u00a0 \u00a0 Wanderwoche<\/p>\n<p>12.07.2027\u00a0 \u00a0 Zeugnisausgabe 1.\/2. Jg. (3 Stunden Unterricht, Unterrichtsschluss 10.45 Uhr, Betreuungen finden statt)<\/p>\n<p>15.07.2027\u00a0 \u00a0 Abschlussfeier 4. Jg.<\/p>\n<p>16.07.2027\u00a0 \u00a0 Zeugnisausgabe 3.\/4. Jg. (3 Stunden Unterricht, Unterrichtsschluss 10.45 Uhr, Betreuungen finden statt)<\/p>\n<p><strong>19.07.2027 &#8211; 31.08.2027\u00a0 \u00a0 Sommerferien<\/strong><\/p>\n<p>&nbsp;<\/p>\n<p>&nbsp;<\/p>\n<p>*<\/p>\n<p>Die p\u00e4dagogischen Ganztagskonferenzen werden pro Schuljahr terminiert. Bitte beachten Sie die\u00a0 entsprechenden Elternbriefe und Hinweise auf unserer Homepage.<\/p>\n","protected":false},"excerpt":{"rendered":"<p>Nachfolgend nennen wir Ihnen die bisher geplanten Termine. Achten Sie bitte auch auf die Rubrik &#8222;Aktuelles&#8220; auf der rechten Seite unserer Homepage. Erg\u00e4nzungen werden nach Bedarf schriftlich mitgeteilt. * 30.03. &#8211; 10.04.2026\u00a0 \u00a0 \u00a0Osterferien ab 13.04.2026\u00a0 \u00a0 Monat des Sports &hellip; <a href=\"https:\/\/www.grundschule-birkesdorf.de\/?page_id=322\">Weiterlesen <span class=\"meta-nav\">&rarr;<\/span><\/a><\/p>\n","protected":false},"author":1,"featured_media":0,"parent":0,"menu_order":10,"comment_status":"closed","ping_status":"closed","template":"","meta":{"footnotes":""},"class_list":["post-322","page","type-page","status-publish","hentry"],"_links":{"self":[{"href":"https:\/\/www.grundschule-birkesdorf.de\/index.php?rest_route=\/wp\/v2\/pages\/322","targetHints":{"allow":["GET"]}}],"collection":[{"href":"https:\/\/www.grundschule-birkesdorf.de\/index.php?rest_route=\/wp\/v2\/pages"}],"about":[{"href":"https:\/\/www.grundschule-birkesdorf.de\/index.php?rest_route=\/wp\/v2\/types\/page"}],"author":[{"embeddable":true,"href":"https:\/\/www.grundschule-birkesdorf.de\/index.php?rest_route=\/wp\/v2\/users\/1"}],"replies":[{"embeddable":true,"href":"https:\/\/www.grundschule-birkesdorf.de\/index.php?rest_route=%2Fwp%2Fv2%2Fcomments&post=322"}],"version-history":[{"count":272,"href":"https:\/\/www.grundschule-birkesdorf.de\/index.php?rest_route=\/wp\/v2\/pages\/322\/revisions"}],"predecessor-version":[{"id":3126,"href":"https:\/\/www.grundschule-birkesdorf.de\/index.php?rest_route=\/wp\/v2\/pages\/322\/revisions\/3126"}],"wp:attachment":[{"href":"https:\/\/www.grundschule-birkesdorf.de\/index.php?rest_route=%2Fwp%2Fv2%2Fmedia&parent=322"}],"curies":[{"name":"wp","href":"https:\/\/api.w.org\/{rel}","templated":true}]}}