{"id":36,"date":"2010-01-29T16:16:59","date_gmt":"2010-01-29T15:16:59","guid":{"rendered":"http:\/\/www.grundschule-birkesdorf.de\/kgsbd\/?page_id=36"},"modified":"2018-05-14T11:43:20","modified_gmt":"2018-05-14T10:43:20","slug":"zusammenarbeit","status":"publish","type":"page","link":"https:\/\/www.grundschule-birkesdorf.de\/?page_id=36","title":{"rendered":"Andere Einrichtungen"},"content":{"rendered":"<h3 style=\"text-align: justify;\">Kinderg\u00e4rten<\/h3>\n<p style=\"text-align: justify;\">Es besteht eine regelm\u00e4\u00dfige Zusammenarbeit mit den Kinderg\u00e4rten. Durch h\u00e4ufige Kontakte (Schnupperstunde, Schulfeste, Sportfeste, Martinszug usw.) erhalten die zuk\u00fcnftigen Schulkinder erste Einblicke in das Schulleben.<br \/>\nIm Anmeldeverfahren an unserer Schule\u00a0 erfolgen eine etwa 20-min\u00fctige Diagnostik und ein ausf\u00fchrliches Elterngespr\u00e4ch, ggfs. unter Hinzuziehung einer Sonderp\u00e4dagogin.<br \/>\nVor Beginn der Sommerferien findet eine Informationsveranstaltung f\u00fcr die Erziehungsberechtigten der Schulneulinge statt, um alle mit der Einschulung zusammenh\u00e4ngenden Fragen zu er\u00f6rtern. An diesem Informationsabend werden auch die zuk\u00fcnftigen Klassenlehrer\/innen vorgestellt; den Eltern wird die M\u00f6glichkeit gegeben, gezielt Informationen einzuholen.<\/p>\n<h3 style=\"text-align: justify;\">Weiterf\u00fchrende Schulen<\/h3>\n<p style=\"text-align: justify;\">Der Wechsel zur weiterf\u00fchrenden Schule nach Klasse 4 wird durch umfangreiche Elternberatung und -information vorbereitet. Auch nach dem \u00dcbergang unserer Sch\u00fcler und Sch\u00fclerinnen zu den weiterf\u00fchrenden Schulen sind wir weiterhin an deren Lernfortschritt interessiert. Wir nehmen an den Erprobungsstufenkonferenzen teil und beraten die Kollegen und Kolleginnen der weiterf\u00fchrenden Schulen bei Bedarf. Die Schulleitung unserer Schule arbeitet seit Jahren in einem Arbeitskreis \u201eGrundschulen \u2013 weiterf\u00fchrende Schulen\u201c mit.<\/p>\n<h3 style=\"text-align: left;\">Schulpsychologischer Dienst, Erziehungsberatungsstellen, Jugendamt<\/h3>\n<p style=\"text-align: justify;\">Unsere Schule hilft bei der Kontaktaufnahme zu den genannten Einrichtungen, die die schulische Arbeit beratend begleiten.<\/p>\n<h3 style=\"text-align: justify;\">Musikschule D\u00fcren<\/h3>\n<p style=\"text-align: justify;\">Die Stadt D\u00fcren bietet interessierten Kindern die M\u00f6glichkeit, in den R\u00e4umen unserer Schule an einer musikalischen Fr\u00fcherziehung teilzunehmen. Die Musikschule D\u00fcren nutzt nachmittags unsere R\u00e4ume und Ausstattung zur Durchf\u00fchrung ihres spezifischen Angebots.<\/p>\n<p style=\"text-align: justify;\">Eine sehr fruchtbare und innovative Zusammenarbeit mit der Musikschule D\u00fcren praktizierten wir in den Schuljahren 2006\/07 sowie 2007\/08 in dem Projekt &#8222;Bl\u00e4serklasse&#8220;:\u00a0 Hier erlernten Kinder ab dem 2. Jahrgang auf freiwilliger Basis unter Leitung zweier erfahrener Musikp\u00e4dagogen ein Holz- bzw. Blechblasinstrument &#8211; diese Arbeit der Kinder wurde jeweils am Ende des Schuljahres mit einem \u00f6ffentlichen Auftritt gew\u00fcrdigt. Leider gab es im laufenden Schuljahr nicht gen\u00fcgend Anmeldungen. Die seinerzeit begonnene Arbeit wird zwischenzeitlich an der Musikschule D\u00fcren fortgef\u00fchrt und &#8211; falls f\u00fcr das n\u00e4chste Schuljahr wieder gen\u00fcgend Anmeldungen vorliegen sollten &#8211; auch in unseren R\u00e4umen wieder aufgenommen.<\/p>\n<h3 style=\"text-align: justify;\">ADAC<\/h3>\n<p style=\"text-align: justify;\">Im Rahmen der Verkehrserziehung f\u00fchren Mitarbeiter und Mitarbeiterinnen des ADAC (ausgebildete Fahrlehrer) in den dritten und vierten Schuljahren ein Sicherheits- und Geschicklichkeitstraining mit dem Fahrrad durch.<\/p>\n<h3 style=\"text-align: justify;\">Uni \/ Studienseminar<\/h3>\n<p style=\"text-align: justify;\">An unserer Schule werden Praktikanten und Praktikantinnen betreut und Lehramtsanw\u00e4rter und Lehramtsanw\u00e4rterinnen ausgebildet. W\u00e4hrend des eineinhalbj\u00e4hrigen Vorbereitungsdienstes werden letztere von mehreren Lehrkr\u00e4ften sowie der Schulleitung fachlich betreut und p\u00e4dagogisch beraten. So sorgt die Schule f\u00fcr eine praxisorientierte Ausbildung.<br \/>\nSowohl regelm\u00e4\u00dfige Fortbildungen von Kolleginnen und Kollegen als auch der durch die Ausbildungsfunktion der Schule gegebene Zugang zu neueren Unterrichtstheorien und p\u00e4dagogischen Entwicklungen sichert die hohe Qualit\u00e4t unseres unterrichtlichen Angebotes.<\/p>\n<p style=\"text-align: justify;\">Mitglieder des Lehrerkollegiums (Frau Jaensch\/Herr Lotter) wurden dar\u00fcber hinaus regelm\u00e4\u00dfig in die Pr\u00fcfungskommissionen f\u00fcr die zweiten Staatspr\u00fcfungen berufen.<\/p>\n<h3 style=\"text-align: justify;\">Zusammenarbeit mit den Vereinen<\/h3>\n<p style=\"text-align: justify;\">Mit den \u00f6rtlichen Vereinen arbeiten wir in den Bereichen Sport und Musik sowie bei der Pflege unseres Brauchtums eng zusammen. Gemeinsam mit der Sch\u00fctzenbruderschaft St. Petrus\u00a0 organisieren wir einen St.-Martins-Zug, mit dem Sportverein (BTV) kooperieren wir in den\u00a0 Bereichen\u00a0 Leichtathletik und Handball, mit dem Fu\u00dfballverein Viktoria Birkesdorf arbeiten wir im Fu\u00dfball zusammen.<\/p>\n","protected":false},"excerpt":{"rendered":"<p>Kinderg\u00e4rten Es besteht eine regelm\u00e4\u00dfige Zusammenarbeit mit den Kinderg\u00e4rten. Durch h\u00e4ufige Kontakte (Schnupperstunde, Schulfeste, Sportfeste, Martinszug usw.) erhalten die zuk\u00fcnftigen Schulkinder erste Einblicke in das Schulleben. Im Anmeldeverfahren an unserer Schule\u00a0 erfolgen eine etwa 20-min\u00fctige Diagnostik und ein ausf\u00fchrliches Elterngespr\u00e4ch, &hellip; <a href=\"https:\/\/www.grundschule-birkesdorf.de\/?page_id=36\">Weiterlesen <span class=\"meta-nav\">&rarr;<\/span><\/a><\/p>\n","protected":false},"author":1,"featured_media":0,"parent":553,"menu_order":50,"comment_status":"closed","ping_status":"closed","template":"","meta":{"footnotes":""},"class_list":["post-36","page","type-page","status-publish","hentry"],"_links":{"self":[{"href":"https:\/\/www.grundschule-birkesdorf.de\/index.php?rest_route=\/wp\/v2\/pages\/36","targetHints":{"allow":["GET"]}}],"collection":[{"href":"https:\/\/www.grundschule-birkesdorf.de\/index.php?rest_route=\/wp\/v2\/pages"}],"about":[{"href":"https:\/\/www.grundschule-birkesdorf.de\/index.php?rest_route=\/wp\/v2\/types\/page"}],"author":[{"embeddable":true,"href":"https:\/\/www.grundschule-birkesdorf.de\/index.php?rest_route=\/wp\/v2\/users\/1"}],"replies":[{"embeddable":true,"href":"https:\/\/www.grundschule-birkesdorf.de\/index.php?rest_route=%2Fwp%2Fv2%2Fcomments&post=36"}],"version-history":[{"count":23,"href":"https:\/\/www.grundschule-birkesdorf.de\/index.php?rest_route=\/wp\/v2\/pages\/36\/revisions"}],"predecessor-version":[{"id":1500,"href":"https:\/\/www.grundschule-birkesdorf.de\/index.php?rest_route=\/wp\/v2\/pages\/36\/revisions\/1500"}],"up":[{"embeddable":true,"href":"https:\/\/www.grundschule-birkesdorf.de\/index.php?rest_route=\/wp\/v2\/pages\/553"}],"wp:attachment":[{"href":"https:\/\/www.grundschule-birkesdorf.de\/index.php?rest_route=%2Fwp%2Fv2%2Fmedia&parent=36"}],"curies":[{"name":"wp","href":"https:\/\/api.w.org\/{rel}","templated":true}]}}