{"id":49,"date":"2010-01-29T16:29:43","date_gmt":"2010-01-29T15:29:43","guid":{"rendered":"http:\/\/www.grundschule-birkesdorf.de\/kgsbd\/?page_id=49"},"modified":"2018-05-14T11:41:04","modified_gmt":"2018-05-14T10:41:04","slug":"auserschulische-lernorte","status":"publish","type":"page","link":"https:\/\/www.grundschule-birkesdorf.de\/?page_id=49","title":{"rendered":"Au\u00dferschulische Lernorte"},"content":{"rendered":"<p style=\"text-align: justify;\">Die Erfahrung zeigt, dass Lernfreude und Lernerfolge unserer Kinder gesteigert werden, wenn sie au\u00dferhalb der Schule konkrete Erfahrungen zu bestimmten Themen machen k\u00f6nnen. Als Erg\u00e4nzung zum planm\u00e4\u00dfigen Unterricht und als Teil von Projekten unternehmen wir mit unseren Sch\u00fclern Unterrichtsg\u00e4nge und besuchen Einrichtungen und Veranstaltungen:<\/p>\n<p style=\"text-align: justify;\">Pfarrb\u00fccherei der Pfarrgemeinde St. Peter, Birkesdorf<br \/>\nStadtb\u00fccherei<br \/>\nDemeter Bauernhof \u201eNeuer Hof\u201c der Familie Bochr\u00f6der<br \/>\nWochenmarkt<br \/>\nMoschee<br \/>\nPapiermuseum<br \/>\nBurg Nideggen<br \/>\nTierpark Aachen (F\u00fchrungen durch Zoop\u00e4dagoge\/in)<br \/>\nMuseum Aachen (F\u00fchrungen und Werkkurse)<br \/>\nRurpark Birkesdorf<br \/>\nTheaterbesuche im Haus der Stadt<br \/>\nBr\u00fcckenkopfpark, J\u00fclich (mit F\u00fchrung)<br \/>\nBordsteintraining der ersten Schuljahre mit dem \u00f6rtlichen Polizisten<br \/>\nRecycling-Firma low-tec<br \/>\nD\u00fcrener Servicebetriebe<br \/>\nWasserwerk Obermaubach<br \/>\nFragestunde beim B\u00fcrgermeister<br \/>\nKinder- und Jugendparlament der Stadt D\u00fcren<\/p>\n","protected":false},"excerpt":{"rendered":"<p>Die Erfahrung zeigt, dass Lernfreude und Lernerfolge unserer Kinder gesteigert werden, wenn sie au\u00dferhalb der Schule konkrete Erfahrungen zu bestimmten Themen machen k\u00f6nnen. Als Erg\u00e4nzung zum planm\u00e4\u00dfigen Unterricht und als Teil von Projekten unternehmen wir mit unseren Sch\u00fclern Unterrichtsg\u00e4nge und &hellip; <a href=\"https:\/\/www.grundschule-birkesdorf.de\/?page_id=49\">Weiterlesen <span class=\"meta-nav\">&rarr;<\/span><\/a><\/p>\n","protected":false},"author":1,"featured_media":0,"parent":553,"menu_order":40,"comment_status":"closed","ping_status":"closed","template":"","meta":{"footnotes":""},"class_list":["post-49","page","type-page","status-publish","hentry"],"_links":{"self":[{"href":"https:\/\/www.grundschule-birkesdorf.de\/index.php?rest_route=\/wp\/v2\/pages\/49","targetHints":{"allow":["GET"]}}],"collection":[{"href":"https:\/\/www.grundschule-birkesdorf.de\/index.php?rest_route=\/wp\/v2\/pages"}],"about":[{"href":"https:\/\/www.grundschule-birkesdorf.de\/index.php?rest_route=\/wp\/v2\/types\/page"}],"author":[{"embeddable":true,"href":"https:\/\/www.grundschule-birkesdorf.de\/index.php?rest_route=\/wp\/v2\/users\/1"}],"replies":[{"embeddable":true,"href":"https:\/\/www.grundschule-birkesdorf.de\/index.php?rest_route=%2Fwp%2Fv2%2Fcomments&post=49"}],"version-history":[{"count":6,"href":"https:\/\/www.grundschule-birkesdorf.de\/index.php?rest_route=\/wp\/v2\/pages\/49\/revisions"}],"predecessor-version":[{"id":1498,"href":"https:\/\/www.grundschule-birkesdorf.de\/index.php?rest_route=\/wp\/v2\/pages\/49\/revisions\/1498"}],"up":[{"embeddable":true,"href":"https:\/\/www.grundschule-birkesdorf.de\/index.php?rest_route=\/wp\/v2\/pages\/553"}],"wp:attachment":[{"href":"https:\/\/www.grundschule-birkesdorf.de\/index.php?rest_route=%2Fwp%2Fv2%2Fmedia&parent=49"}],"curies":[{"name":"wp","href":"https:\/\/api.w.org\/{rel}","templated":true}]}}