{"id":51,"date":"2010-01-29T16:31:35","date_gmt":"2010-01-29T15:31:35","guid":{"rendered":"http:\/\/www.grundschule-birkesdorf.de\/kgsbd\/?page_id=51"},"modified":"2023-08-14T07:50:28","modified_gmt":"2023-08-14T06:50:28","slug":"elternarbeit","status":"publish","type":"page","link":"https:\/\/www.grundschule-birkesdorf.de\/?page_id=51","title":{"rendered":"Eltern"},"content":{"rendered":"<p style=\"text-align: justify;\">Zum Beratungskonzept unserer Schule geh\u00f6ren zwei Elternsprechtage im Schuljahr und fest eingerichtete w\u00f6chentliche Sprechstunden der Lehrerinnen und Lehrer. Hinzu kommen bei Bedarf weitere Beratungsgespr\u00e4che, zu denen Fachkr\u00e4fte anderer Institutionen (z.B. Sonderp\u00e4dagogen, Schulpsychologen, Mitarbeiterinnen und Mitarbeiter des Jugendamtes u.a.) hinzugezogen werden k\u00f6nnen. Elterninformationen zur Arbeit und zu Vorhaben der Klasse werden in den Klassenpflegschaftssitzungen gegeben. Bei Schulfesten und Projektwochen arbeiten wir eng und erfolgreich mit Eltern zusammen.<\/p>\n<p style=\"text-align: justify;\">Die intensive Zusammenarbeit der Eltern mit dem Kollegium erm\u00f6glicht die \u00d6ffnung der Sch\u00fclerb\u00fccherei. Zur Zeit kann sie zumindest an einigen Tagen in der Woche ge\u00f6ffnet werden. Weitere Unterst\u00fctzung durch Verwandte, Bekannte&#8230; ist herzlich willkommen!<\/p>\n<p style=\"text-align: justify;\">\u00dcber schulische Termine informieren wir schriftlich bzw. unter den Rubriken \u201cTermine\u201d bzw. \u201cAktuelles\u201d auf unserer Homepage.<\/p>\n","protected":false},"excerpt":{"rendered":"<p>Zum Beratungskonzept unserer Schule geh\u00f6ren zwei Elternsprechtage im Schuljahr und fest eingerichtete w\u00f6chentliche Sprechstunden der Lehrerinnen und Lehrer. Hinzu kommen bei Bedarf weitere Beratungsgespr\u00e4che, zu denen Fachkr\u00e4fte anderer Institutionen (z.B. Sonderp\u00e4dagogen, Schulpsychologen, Mitarbeiterinnen und Mitarbeiter des Jugendamtes u.a.) hinzugezogen werden &hellip; <a href=\"https:\/\/www.grundschule-birkesdorf.de\/?page_id=51\">Weiterlesen <span class=\"meta-nav\">&rarr;<\/span><\/a><\/p>\n","protected":false},"author":1,"featured_media":0,"parent":553,"menu_order":20,"comment_status":"closed","ping_status":"closed","template":"","meta":{"footnotes":""},"class_list":["post-51","page","type-page","status-publish","hentry"],"_links":{"self":[{"href":"https:\/\/www.grundschule-birkesdorf.de\/index.php?rest_route=\/wp\/v2\/pages\/51","targetHints":{"allow":["GET"]}}],"collection":[{"href":"https:\/\/www.grundschule-birkesdorf.de\/index.php?rest_route=\/wp\/v2\/pages"}],"about":[{"href":"https:\/\/www.grundschule-birkesdorf.de\/index.php?rest_route=\/wp\/v2\/types\/page"}],"author":[{"embeddable":true,"href":"https:\/\/www.grundschule-birkesdorf.de\/index.php?rest_route=\/wp\/v2\/users\/1"}],"replies":[{"embeddable":true,"href":"https:\/\/www.grundschule-birkesdorf.de\/index.php?rest_route=%2Fwp%2Fv2%2Fcomments&post=51"}],"version-history":[{"count":14,"href":"https:\/\/www.grundschule-birkesdorf.de\/index.php?rest_route=\/wp\/v2\/pages\/51\/revisions"}],"predecessor-version":[{"id":2836,"href":"https:\/\/www.grundschule-birkesdorf.de\/index.php?rest_route=\/wp\/v2\/pages\/51\/revisions\/2836"}],"up":[{"embeddable":true,"href":"https:\/\/www.grundschule-birkesdorf.de\/index.php?rest_route=\/wp\/v2\/pages\/553"}],"wp:attachment":[{"href":"https:\/\/www.grundschule-birkesdorf.de\/index.php?rest_route=%2Fwp%2Fv2%2Fmedia&parent=51"}],"curies":[{"name":"wp","href":"https:\/\/api.w.org\/{rel}","templated":true}]}}