{"id":549,"date":"2011-02-26T15:06:59","date_gmt":"2011-02-26T14:06:59","guid":{"rendered":"http:\/\/www.grundschule-birkesdorf.de\/?page_id=549"},"modified":"2011-02-27T15:50:13","modified_gmt":"2011-02-27T14:50:13","slug":"unterricht","status":"publish","type":"page","link":"https:\/\/www.grundschule-birkesdorf.de\/?page_id=549","title":{"rendered":"Unterricht"},"content":{"rendered":"<p>Die gesamte unterrichtliche Arbeit basiert auf den Richtlinien und Lehrpl\u00e4nen des Landes NRW und den darauf aufbauenden schulspezifischen Arbeitspl\u00e4nen f\u00fcr die einzelnen F\u00e4cher.<\/p>\n<ul>\n<li><a href=\"https:\/\/www.grundschule-birkesdorf.de\/?page_id=260\">Offener Unterricht<\/a><\/li>\n<li><a href=\"https:\/\/www.grundschule-birkesdorf.de\/?page_id=265\">Gemeinsamer Unterricht<\/a><\/li>\n<li><a href=\"https:\/\/www.grundschule-birkesdorf.de\/?page_id=252\">Fordern und F\u00f6rdern<\/a><\/li>\n<li><a href=\"https:\/\/www.grundschule-birkesdorf.de\/?page_id=256\">Anfangsunterricht<\/a><\/li>\n<li><a href=\"https:\/\/www.grundschule-birkesdorf.de\/?page_id=268\">Unterrichtsf\u00e4cher<\/a><\/li>\n<li><a href=\"https:\/\/www.grundschule-birkesdorf.de\/?page_id=235\">Religi\u00f6se Erziehung<\/a><\/li>\n<li><a href=\"https:\/\/www.grundschule-birkesdorf.de\/?page_id=239\">Musische Erziehung<\/a><\/li>\n<li><a href=\"https:\/\/www.grundschule-birkesdorf.de\/?page_id=272\">Sport und Sportf\u00f6rderung<\/a><\/li>\n<li><a href=\"https:\/\/www.grundschule-birkesdorf.de\/?page_id=300\">Medienerziehung<\/a><\/li>\n<li><a href=\"https:\/\/www.grundschule-birkesdorf.de\/?page_id=279\">Verkehrserziehung<\/a><\/li>\n<li><a href=\"https:\/\/www.grundschule-birkesdorf.de\/?page_id=248\">Streitschlichtung<\/a><\/li>\n<li><a href=\"https:\/\/www.grundschule-birkesdorf.de\/?page_id=626\">Verhaltenstraining<\/a><\/li>\n<\/ul>\n","protected":false},"excerpt":{"rendered":"<p>Die gesamte unterrichtliche Arbeit basiert auf den Richtlinien und Lehrpl\u00e4nen des Landes NRW und den darauf aufbauenden schulspezifischen Arbeitspl\u00e4nen f\u00fcr die einzelnen F\u00e4cher. Offener Unterricht Gemeinsamer Unterricht Fordern und F\u00f6rdern Anfangsunterricht Unterrichtsf\u00e4cher Religi\u00f6se Erziehung Musische Erziehung Sport und Sportf\u00f6rderung Medienerziehung &hellip; <a href=\"https:\/\/www.grundschule-birkesdorf.de\/?page_id=549\">Weiterlesen <span class=\"meta-nav\">&rarr;<\/span><\/a><\/p>\n","protected":false},"author":1,"featured_media":0,"parent":28,"menu_order":20,"comment_status":"closed","ping_status":"closed","template":"","meta":{"footnotes":""},"class_list":["post-549","page","type-page","status-publish","hentry"],"_links":{"self":[{"href":"https:\/\/www.grundschule-birkesdorf.de\/index.php?rest_route=\/wp\/v2\/pages\/549","targetHints":{"allow":["GET"]}}],"collection":[{"href":"https:\/\/www.grundschule-birkesdorf.de\/index.php?rest_route=\/wp\/v2\/pages"}],"about":[{"href":"https:\/\/www.grundschule-birkesdorf.de\/index.php?rest_route=\/wp\/v2\/types\/page"}],"author":[{"embeddable":true,"href":"https:\/\/www.grundschule-birkesdorf.de\/index.php?rest_route=\/wp\/v2\/users\/1"}],"replies":[{"embeddable":true,"href":"https:\/\/www.grundschule-birkesdorf.de\/index.php?rest_route=%2Fwp%2Fv2%2Fcomments&post=549"}],"version-history":[{"count":7,"href":"https:\/\/www.grundschule-birkesdorf.de\/index.php?rest_route=\/wp\/v2\/pages\/549\/revisions"}],"predecessor-version":[{"id":682,"href":"https:\/\/www.grundschule-birkesdorf.de\/index.php?rest_route=\/wp\/v2\/pages\/549\/revisions\/682"}],"up":[{"embeddable":true,"href":"https:\/\/www.grundschule-birkesdorf.de\/index.php?rest_route=\/wp\/v2\/pages\/28"}],"wp:attachment":[{"href":"https:\/\/www.grundschule-birkesdorf.de\/index.php?rest_route=%2Fwp%2Fv2%2Fmedia&parent=549"}],"curies":[{"name":"wp","href":"https:\/\/api.w.org\/{rel}","templated":true}]}}