{"id":55,"date":"2010-01-29T16:49:10","date_gmt":"2010-01-29T15:49:10","guid":{"rendered":"http:\/\/www.grundschule-birkesdorf.de\/kgsbd\/?page_id=55"},"modified":"2026-03-24T17:01:31","modified_gmt":"2026-03-24T16:01:31","slug":"kollegiale-zusammenarbeit","status":"publish","type":"page","link":"https:\/\/www.grundschule-birkesdorf.de\/?page_id=55","title":{"rendered":"Kollegium"},"content":{"rendered":"<p style=\"text-align: justify;\">Das Kollegium der GGS Birkesdorf arbeitet auf Jahrgangsstufenebene zusammen, d. h. es trifft Absprachen zu Lerninhalten, zur differenzierten Leistungs\u00fcberpr\u00fcfung und -bewertung und erstellt gemeinsam Lehr- und Lernmittel f\u00fcr einen differenzierten und f\u00e4cher\u00fcbergreifenden Unterricht. Auf diese Weise k\u00f6nnen Sch\u00fclerinnen und Sch\u00fcler im Falle der Erkrankung einer Lehrperson ihren Lernprozess kontinuierlich fortsetzen. Bei ausreichender Stundenkapazit\u00e4t wird in Klassen mit Lernschwierigkeiten zur intensiven F\u00f6rderung einzelner Kinder zeitweise im Team \u2013 bestehend aus zwei Lehrkr\u00e4ften \u2013 unterrichtet. Im Rahmen der sonderp\u00e4dagogischen F\u00f6rderung \u201eGemeinsames Lernen\u201c (GL) erfolgt eine enge Zusammenarbeit zwischen der jeweiligen Klassenlehrerin und der Sonderp\u00e4dagogin. Dar\u00fcber hinaus finden im Rahmen der w\u00f6chentlichen Teamsitzungen und Dienstbesprechungen\/ Lehrerkonferenzen\u00a0 Aussprachen und Diskussionen statt, bei denen sich das Kollegium hinsichtlich der p\u00e4dagogischen Situation von Kindern sowie Lehrerinnen und Lehrern den individuellen Bed\u00fcrfnissen der Sch\u00fcler und Sch\u00fclerinnen widmet und erzieherische und unterrichtliche L\u00f6sungen findet.<\/p>\n<p>&nbsp;<\/p>\n<p style=\"text-align: justify;\">\n","protected":false},"excerpt":{"rendered":"<p>Das Kollegium der GGS Birkesdorf arbeitet auf Jahrgangsstufenebene zusammen, d. h. es trifft Absprachen zu Lerninhalten, zur differenzierten Leistungs\u00fcberpr\u00fcfung und -bewertung und erstellt gemeinsam Lehr- und Lernmittel f\u00fcr einen differenzierten und f\u00e4cher\u00fcbergreifenden Unterricht. Auf diese Weise k\u00f6nnen Sch\u00fclerinnen und Sch\u00fcler &hellip; <a href=\"https:\/\/www.grundschule-birkesdorf.de\/?page_id=55\">Weiterlesen <span class=\"meta-nav\">&rarr;<\/span><\/a><\/p>\n","protected":false},"author":1,"featured_media":0,"parent":553,"menu_order":10,"comment_status":"closed","ping_status":"closed","template":"","meta":{"footnotes":""},"class_list":["post-55","page","type-page","status-publish","hentry"],"_links":{"self":[{"href":"https:\/\/www.grundschule-birkesdorf.de\/index.php?rest_route=\/wp\/v2\/pages\/55","targetHints":{"allow":["GET"]}}],"collection":[{"href":"https:\/\/www.grundschule-birkesdorf.de\/index.php?rest_route=\/wp\/v2\/pages"}],"about":[{"href":"https:\/\/www.grundschule-birkesdorf.de\/index.php?rest_route=\/wp\/v2\/types\/page"}],"author":[{"embeddable":true,"href":"https:\/\/www.grundschule-birkesdorf.de\/index.php?rest_route=\/wp\/v2\/users\/1"}],"replies":[{"embeddable":true,"href":"https:\/\/www.grundschule-birkesdorf.de\/index.php?rest_route=%2Fwp%2Fv2%2Fcomments&post=55"}],"version-history":[{"count":24,"href":"https:\/\/www.grundschule-birkesdorf.de\/index.php?rest_route=\/wp\/v2\/pages\/55\/revisions"}],"predecessor-version":[{"id":3116,"href":"https:\/\/www.grundschule-birkesdorf.de\/index.php?rest_route=\/wp\/v2\/pages\/55\/revisions\/3116"}],"up":[{"embeddable":true,"href":"https:\/\/www.grundschule-birkesdorf.de\/index.php?rest_route=\/wp\/v2\/pages\/553"}],"wp:attachment":[{"href":"https:\/\/www.grundschule-birkesdorf.de\/index.php?rest_route=%2Fwp%2Fv2%2Fmedia&parent=55"}],"curies":[{"name":"wp","href":"https:\/\/api.w.org\/{rel}","templated":true}]}}