{"id":571,"date":"2011-02-26T15:27:57","date_gmt":"2011-02-26T14:27:57","guid":{"rendered":"http:\/\/www.grundschule-birkesdorf.de\/?page_id=571"},"modified":"2018-05-14T13:39:42","modified_gmt":"2018-05-14T12:39:42","slug":"schulordnung","status":"publish","type":"page","link":"https:\/\/www.grundschule-birkesdorf.de\/?page_id=571","title":{"rendered":"Schulordnung"},"content":{"rendered":"<p style=\"text-align: justify;\">Wir, die KGS Birkesdorf, sind eine Schule, in der Menschen aus vielen Nationen zusammen leben und arbeiten. Wir sind eine Schule, in der wir miteinander lernen. Wir sind alle mitverantwortlich f\u00fcr die Gestaltung des Schullebens.<\/p>\n<p style=\"text-align: justify;\">Die Erziehungsvereinbarung unserer Schule macht die Aufgaben der Bildungs- und Erziehungsarbeit f\u00fcr alle Beteiligten transparent. Jeweilige Rechte und Pflichten werden dargestellt. Es werden verl\u00e4ssliche und verbindliche Vorgaben und Rahmenbedingungen f\u00fcr die p\u00e4dagogische Arbeit unserer Schule\u00a0 gegeben.<\/p>\n<p style=\"text-align: justify;\">Die Schulordnung soll nun, neben der Erziehungsvereinbarung, speziell den Sch\u00fclerinnen und Sch\u00fclern helfen, indem sie allgemeing\u00fcltige Verhaltens- und Umgangsregeln f\u00fcr den Aufenthalt im Schulgeb\u00e4ude und f\u00fcr die Pausen beschreibt. Erg\u00e4nzt werden diese Regeln durch individuelle Regeln f\u00fcr die Klasse, die von den einzelnen Klassenlehrerinnen -und lehrern mit den Kindern gemeinsam gefunden und formuliert werden.<\/p>\n<p style=\"text-align: justify;\">Oberste Priorit\u00e4t hat jedoch der respektvolle Umgang miteinander:<\/p>\n<p style=\"text-align: justify;\"><strong>&#8222;Bei uns soll sich jeder wohlf\u00fchlen, <\/strong><\/p>\n<p style=\"text-align: justify;\"><strong>deshalb gehen wir respektvoll miteinander um.&#8220;<\/strong><\/p>\n<p style=\"text-align: justify;\">Diese Aussage beinhaltet alle f\u00fcr uns wichtigen sozialen Umgangsregeln. Respektvoller Umgang bedeutet zueinander freundlich sein, sich begr\u00fc\u00dfen und helfen, ebenso wie er Handlungen ausschlie\u00dft, die anderen schaden.<\/p>\n<h4 style=\"text-align: justify;\"><\/h4>\n<h3 style=\"text-align: justify;\">Sch\u00fclerrat<\/h3>\n<p>Seit dem Schuljahr 2012\/13 w\u00e4hlen die Sch\u00fclerinnen und Sch\u00fcler der Jahrg\u00e4nge zwei bis vier ihre Klassensprecher\/innen und deren Stellvertreter\/innen.<\/p>\n<p>Diese bilden den Sch\u00fclerrat, der sich einmal monatlich mit dem Schulleiter im Lehrerzimmer trifft. Dabei werden die Themen aus den einzelnen Klassen besprochen, die f\u00fcr die gesamte Schule von Belang sind.<\/p>\n<p>Grundidee ist, den Kindern demokratische Abl\u00e4ufe nahe zu bringen und ihnen vor Augen zu f\u00fchren, dass ihr engagierter Einsatz rasche positive Ergebnisse zeitigt. Ergebnisse der Sch\u00fclerratsarbeit sind: Bolzplatz mit zwei Toren, Verbesserung der Toilettensituation, Reparaturen, Streitschlichtung&#8230;<\/p>\n","protected":false},"excerpt":{"rendered":"<p>Wir, die KGS Birkesdorf, sind eine Schule, in der Menschen aus vielen Nationen zusammen leben und arbeiten. Wir sind eine Schule, in der wir miteinander lernen. Wir sind alle mitverantwortlich f\u00fcr die Gestaltung des Schullebens. Die Erziehungsvereinbarung unserer Schule macht &hellip; <a href=\"https:\/\/www.grundschule-birkesdorf.de\/?page_id=571\">Weiterlesen <span class=\"meta-nav\">&rarr;<\/span><\/a><\/p>\n","protected":false},"author":1,"featured_media":0,"parent":63,"menu_order":0,"comment_status":"closed","ping_status":"closed","template":"","meta":{"footnotes":""},"class_list":["post-571","page","type-page","status-publish","hentry"],"_links":{"self":[{"href":"https:\/\/www.grundschule-birkesdorf.de\/index.php?rest_route=\/wp\/v2\/pages\/571","targetHints":{"allow":["GET"]}}],"collection":[{"href":"https:\/\/www.grundschule-birkesdorf.de\/index.php?rest_route=\/wp\/v2\/pages"}],"about":[{"href":"https:\/\/www.grundschule-birkesdorf.de\/index.php?rest_route=\/wp\/v2\/types\/page"}],"author":[{"embeddable":true,"href":"https:\/\/www.grundschule-birkesdorf.de\/index.php?rest_route=\/wp\/v2\/users\/1"}],"replies":[{"embeddable":true,"href":"https:\/\/www.grundschule-birkesdorf.de\/index.php?rest_route=%2Fwp%2Fv2%2Fcomments&post=571"}],"version-history":[{"count":11,"href":"https:\/\/www.grundschule-birkesdorf.de\/index.php?rest_route=\/wp\/v2\/pages\/571\/revisions"}],"predecessor-version":[{"id":1517,"href":"https:\/\/www.grundschule-birkesdorf.de\/index.php?rest_route=\/wp\/v2\/pages\/571\/revisions\/1517"}],"up":[{"embeddable":true,"href":"https:\/\/www.grundschule-birkesdorf.de\/index.php?rest_route=\/wp\/v2\/pages\/63"}],"wp:attachment":[{"href":"https:\/\/www.grundschule-birkesdorf.de\/index.php?rest_route=%2Fwp%2Fv2%2Fmedia&parent=571"}],"curies":[{"name":"wp","href":"https:\/\/api.w.org\/{rel}","templated":true}]}}