{"id":575,"date":"2011-02-26T15:32:06","date_gmt":"2011-02-26T14:32:06","guid":{"rendered":"http:\/\/www.grundschule-birkesdorf.de\/?page_id=575"},"modified":"2018-11-19T14:15:25","modified_gmt":"2018-11-19T13:15:25","slug":"ubergange","status":"publish","type":"page","link":"https:\/\/www.grundschule-birkesdorf.de\/?page_id=575","title":{"rendered":"\u00dcberg\u00e4nge"},"content":{"rendered":"<h3 style=\"text-align: justify;\">Einschulungsfeier<\/h3>\n<p style=\"text-align: justify;\">Die j\u00e4hrliche Einschulung der Schulneulinge erfolgt jeweils am zweiten Tag nach den Sommerferien. Nach der Einschulungsfeier, sowie der \u201eersten Unterrichtsstunde\u201c findet der Gottesdienst in der Pfarrkirche St. Petrus statt. Zu dem \u00f6kumenischen Einschulungsgottesdienst sind auch die nicht katholischen Kinder mit ihren Eltern herzlich eingeladen.<\/p>\n<h3 style=\"text-align: justify;\">Schuleingangsphase<\/h3>\n<p style=\"text-align: justify;\">Der Unterricht ist an unserer Schule in den Jahrg\u00e4ngen 1 bis 4 jahrgangsbezogen organisiert. Die Schuleingangsphase (Klasse 1 und 2) kann dabei in einem, zwei oder drei Jahren absolviert werden. Die Unterrichtsorganisation\u00a0erlaubt bei Bedarf eine \u00e4u\u00dfere Differenzierung, da die F\u00e4cher Deutsch und Mathematik jeweils in den beiden ersten Stunden unterrichtet werden. Dies bedeutet, dass Kinder mit h\u00f6herem F\u00f6rderbedarf vor\u00fcbergehend am Unterricht der vorhergehenden Jahrgangsstufe teilnehmen k\u00f6nnen. Kinder, die die Unterrichtsinhalte schneller erarbeiten, k\u00f6nnen am Unterricht der n\u00e4chst h\u00f6heren Jahrgangsstufe teilnehmen. Die M\u00f6glichkeit einer Vorversetzung wird mit den Eltern sorgf\u00e4ltig er\u00f6rtert und bei Durchf\u00fchrung entsprechend p\u00e4dagogisch begleitet. Dies gilt ebenso f\u00fcr diejenigen Kinder, deren Eltern ein R\u00fccktritt empfohlen wird.<\/p>\n<h3 style=\"text-align: justify;\">Entlassfeier der 4. Schuljahre<\/h3>\n<p style=\"text-align: justify;\">Die Grundschulzeit endet f\u00fcr die Kinder unserer Schule mit einem \u00f6kumenischen Gottesdienst in der letzten Schulwoche vor den Sommerferien. Daran schlie\u00dft sich die offizielle Verabschiedung im Rahmen einer Feier in der Schule an. Am letzten Schultag werden dann die Abschlusszeugnisse der Grundschulzeit \u00fcberreicht.<\/p>\n","protected":false},"excerpt":{"rendered":"<p>Einschulungsfeier Die j\u00e4hrliche Einschulung der Schulneulinge erfolgt jeweils am zweiten Tag nach den Sommerferien. Nach der Einschulungsfeier, sowie der \u201eersten Unterrichtsstunde\u201c findet der Gottesdienst in der Pfarrkirche St. Petrus statt. Zu dem \u00f6kumenischen Einschulungsgottesdienst sind auch die nicht katholischen Kinder &hellip; <a href=\"https:\/\/www.grundschule-birkesdorf.de\/?page_id=575\">Weiterlesen <span class=\"meta-nav\">&rarr;<\/span><\/a><\/p>\n","protected":false},"author":1,"featured_media":0,"parent":63,"menu_order":20,"comment_status":"closed","ping_status":"closed","template":"","meta":{"footnotes":""},"class_list":["post-575","page","type-page","status-publish","hentry"],"_links":{"self":[{"href":"https:\/\/www.grundschule-birkesdorf.de\/index.php?rest_route=\/wp\/v2\/pages\/575","targetHints":{"allow":["GET"]}}],"collection":[{"href":"https:\/\/www.grundschule-birkesdorf.de\/index.php?rest_route=\/wp\/v2\/pages"}],"about":[{"href":"https:\/\/www.grundschule-birkesdorf.de\/index.php?rest_route=\/wp\/v2\/types\/page"}],"author":[{"embeddable":true,"href":"https:\/\/www.grundschule-birkesdorf.de\/index.php?rest_route=\/wp\/v2\/users\/1"}],"replies":[{"embeddable":true,"href":"https:\/\/www.grundschule-birkesdorf.de\/index.php?rest_route=%2Fwp%2Fv2%2Fcomments&post=575"}],"version-history":[{"count":7,"href":"https:\/\/www.grundschule-birkesdorf.de\/index.php?rest_route=\/wp\/v2\/pages\/575\/revisions"}],"predecessor-version":[{"id":1613,"href":"https:\/\/www.grundschule-birkesdorf.de\/index.php?rest_route=\/wp\/v2\/pages\/575\/revisions\/1613"}],"up":[{"embeddable":true,"href":"https:\/\/www.grundschule-birkesdorf.de\/index.php?rest_route=\/wp\/v2\/pages\/63"}],"wp:attachment":[{"href":"https:\/\/www.grundschule-birkesdorf.de\/index.php?rest_route=%2Fwp%2Fv2%2Fmedia&parent=575"}],"curies":[{"name":"wp","href":"https:\/\/api.w.org\/{rel}","templated":true}]}}