{"id":578,"date":"2011-02-26T15:34:46","date_gmt":"2011-02-26T14:34:46","guid":{"rendered":"http:\/\/www.grundschule-birkesdorf.de\/?page_id=578"},"modified":"2016-05-30T18:46:23","modified_gmt":"2016-05-30T17:46:23","slug":"schulfest","status":"publish","type":"page","link":"https:\/\/www.grundschule-birkesdorf.de\/?page_id=578","title":{"rendered":"Schulfest"},"content":{"rendered":"<p style=\"text-align: justify;\">Im Zweijahresrhythmus findet an unserer Schule ein gro\u00dfes Schulfest statt.<\/p>\n<p style=\"text-align: justify;\">Im Vorfeld erarbeiten LehrerInnen\/Eltern und Kinder in einer Projektwoche bestimmte Themenfelder, die w\u00e4hrend des samst\u00e4glichen Schulfestes pr\u00e4sentiert werden.<\/p>\n<p>&nbsp;<\/p>\n<p>&nbsp;<\/p>\n","protected":false},"excerpt":{"rendered":"<p>Im Zweijahresrhythmus findet an unserer Schule ein gro\u00dfes Schulfest statt. Im Vorfeld erarbeiten LehrerInnen\/Eltern und Kinder in einer Projektwoche bestimmte Themenfelder, die w\u00e4hrend des samst\u00e4glichen Schulfestes pr\u00e4sentiert werden. &nbsp; &nbsp;<\/p>\n","protected":false},"author":1,"featured_media":0,"parent":63,"menu_order":30,"comment_status":"closed","ping_status":"closed","template":"","meta":{"footnotes":""},"class_list":["post-578","page","type-page","status-publish","hentry"],"_links":{"self":[{"href":"https:\/\/www.grundschule-birkesdorf.de\/index.php?rest_route=\/wp\/v2\/pages\/578","targetHints":{"allow":["GET"]}}],"collection":[{"href":"https:\/\/www.grundschule-birkesdorf.de\/index.php?rest_route=\/wp\/v2\/pages"}],"about":[{"href":"https:\/\/www.grundschule-birkesdorf.de\/index.php?rest_route=\/wp\/v2\/types\/page"}],"author":[{"embeddable":true,"href":"https:\/\/www.grundschule-birkesdorf.de\/index.php?rest_route=\/wp\/v2\/users\/1"}],"replies":[{"embeddable":true,"href":"https:\/\/www.grundschule-birkesdorf.de\/index.php?rest_route=%2Fwp%2Fv2%2Fcomments&post=578"}],"version-history":[{"count":8,"href":"https:\/\/www.grundschule-birkesdorf.de\/index.php?rest_route=\/wp\/v2\/pages\/578\/revisions"}],"predecessor-version":[{"id":1322,"href":"https:\/\/www.grundschule-birkesdorf.de\/index.php?rest_route=\/wp\/v2\/pages\/578\/revisions\/1322"}],"up":[{"embeddable":true,"href":"https:\/\/www.grundschule-birkesdorf.de\/index.php?rest_route=\/wp\/v2\/pages\/63"}],"wp:attachment":[{"href":"https:\/\/www.grundschule-birkesdorf.de\/index.php?rest_route=%2Fwp%2Fv2%2Fmedia&parent=578"}],"curies":[{"name":"wp","href":"https:\/\/api.w.org\/{rel}","templated":true}]}}