{"id":586,"date":"2011-02-26T15:58:51","date_gmt":"2011-02-26T14:58:51","guid":{"rendered":"http:\/\/www.grundschule-birkesdorf.de\/?page_id=586"},"modified":"2019-08-22T13:40:39","modified_gmt":"2019-08-22T12:40:39","slug":"sportfest","status":"publish","type":"page","link":"https:\/\/www.grundschule-birkesdorf.de\/?page_id=586","title":{"rendered":"Sportfest"},"content":{"rendered":"<p style=\"text-align: justify;\">In jedem Jahr findet an unserer Schule ein gro\u00dfes Sportfest statt; hier wird der f\u00fcr die Bundesjugendspiele vorgesehene Dreikampf (Laufen, Werfen, Springen) absolviert. Zus\u00e4tzlich finden 800\/1000-Meter-L\u00e4ufe statt, so dass die Bedingungen zur Erlangung des Deutschen Sportabzeichens auch an diesem Tag erf\u00fcllt werden k\u00f6nnen. Das Sportfest findet seit Jahren jedes Jahr jeweils an einem Samstag statt; die dadurch m\u00f6gliche Mitarbeit und Anwesenheit der Eltern tr\u00e4gt ganz wesentlich zum Gelingen des Sportfestes bei. Unsere Schule liegt kreisweit bei der Auswertung f\u00fcr das Deutsche Sportabzeichen auf den vorderen Pl\u00e4tzen.<\/p>\n<p style=\"text-align: justify;\">Den Termin unseres n\u00e4chsten Sportfestes finden Sie in unserem Terminkalender.<\/p>\n<p style=\"text-align: center;\"><img loading=\"lazy\" decoding=\"async\" class=\"size-medium wp-image-696\" style=\"border: 10px none white;\" title=\"bundesjugendspiele\" src=\"https:\/\/www.grundschule-birkesdorf.de\/kgsbd\/wp-content\/uploads\/2011\/02\/bundesjugendspiele100_v-slideshow-300x225.jpg\" alt=\"\" width=\"108\" height=\"81\" srcset=\"https:\/\/www.grundschule-birkesdorf.de\/kgsbd\/wp-content\/uploads\/2011\/02\/bundesjugendspiele100_v-slideshow-300x225.jpg 300w, https:\/\/www.grundschule-birkesdorf.de\/kgsbd\/wp-content\/uploads\/2011\/02\/bundesjugendspiele100_v-slideshow.jpg 460w\" sizes=\"auto, (max-width: 108px) 100vw, 108px\" \/><img loading=\"lazy\" decoding=\"async\" class=\"size-full wp-image-700\" title=\"dosb\" src=\"https:\/\/www.grundschule-birkesdorf.de\/kgsbd\/wp-content\/uploads\/2011\/02\/dosb_jugend_und_erwachsene_mittel.jpg\" alt=\"\" width=\"100\" height=\"100\" srcset=\"https:\/\/www.grundschule-birkesdorf.de\/kgsbd\/wp-content\/uploads\/2011\/02\/dosb_jugend_und_erwachsene_mittel.jpg 207w, https:\/\/www.grundschule-birkesdorf.de\/kgsbd\/wp-content\/uploads\/2011\/02\/dosb_jugend_und_erwachsene_mittel-150x150.jpg 150w\" sizes=\"auto, (max-width: 100px) 100vw, 100px\" \/><\/p>\n<p><img loading=\"lazy\" decoding=\"async\" class=\"aligncenter size-large wp-image-1692\" src=\"https:\/\/www.grundschule-birkesdorf.de\/kgsbd\/wp-content\/uploads\/2019\/07\/IMG_20190618_08225421-1024x282.jpg\" alt=\"Spendenlauf\" width=\"640\" height=\"176\" srcset=\"https:\/\/www.grundschule-birkesdorf.de\/kgsbd\/wp-content\/uploads\/2019\/07\/IMG_20190618_08225421-1024x282.jpg 1024w, https:\/\/www.grundschule-birkesdorf.de\/kgsbd\/wp-content\/uploads\/2019\/07\/IMG_20190618_08225421-300x83.jpg 300w, https:\/\/www.grundschule-birkesdorf.de\/kgsbd\/wp-content\/uploads\/2019\/07\/IMG_20190618_08225421-768x212.jpg 768w\" sizes=\"auto, (max-width: 640px) 100vw, 640px\" \/><\/p>\n","protected":false},"excerpt":{"rendered":"<p>In jedem Jahr findet an unserer Schule ein gro\u00dfes Sportfest statt; hier wird der f\u00fcr die Bundesjugendspiele vorgesehene Dreikampf (Laufen, Werfen, Springen) absolviert. Zus\u00e4tzlich finden 800\/1000-Meter-L\u00e4ufe statt, so dass die Bedingungen zur Erlangung des Deutschen Sportabzeichens auch an diesem Tag &hellip; <a href=\"https:\/\/www.grundschule-birkesdorf.de\/?page_id=586\">Weiterlesen <span class=\"meta-nav\">&rarr;<\/span><\/a><\/p>\n","protected":false},"author":1,"featured_media":0,"parent":63,"menu_order":50,"comment_status":"closed","ping_status":"closed","template":"","meta":{"footnotes":""},"class_list":["post-586","page","type-page","status-publish","hentry"],"_links":{"self":[{"href":"https:\/\/www.grundschule-birkesdorf.de\/index.php?rest_route=\/wp\/v2\/pages\/586","targetHints":{"allow":["GET"]}}],"collection":[{"href":"https:\/\/www.grundschule-birkesdorf.de\/index.php?rest_route=\/wp\/v2\/pages"}],"about":[{"href":"https:\/\/www.grundschule-birkesdorf.de\/index.php?rest_route=\/wp\/v2\/types\/page"}],"author":[{"embeddable":true,"href":"https:\/\/www.grundschule-birkesdorf.de\/index.php?rest_route=\/wp\/v2\/users\/1"}],"replies":[{"embeddable":true,"href":"https:\/\/www.grundschule-birkesdorf.de\/index.php?rest_route=%2Fwp%2Fv2%2Fcomments&post=586"}],"version-history":[{"count":20,"href":"https:\/\/www.grundschule-birkesdorf.de\/index.php?rest_route=\/wp\/v2\/pages\/586\/revisions"}],"predecessor-version":[{"id":1727,"href":"https:\/\/www.grundschule-birkesdorf.de\/index.php?rest_route=\/wp\/v2\/pages\/586\/revisions\/1727"}],"up":[{"embeddable":true,"href":"https:\/\/www.grundschule-birkesdorf.de\/index.php?rest_route=\/wp\/v2\/pages\/63"}],"wp:attachment":[{"href":"https:\/\/www.grundschule-birkesdorf.de\/index.php?rest_route=%2Fwp%2Fv2%2Fmedia&parent=586"}],"curies":[{"name":"wp","href":"https:\/\/api.w.org\/{rel}","templated":true}]}}