{"id":589,"date":"2011-02-26T16:00:24","date_gmt":"2011-02-26T15:00:24","guid":{"rendered":"http:\/\/www.grundschule-birkesdorf.de\/?page_id=589"},"modified":"2018-05-14T13:46:24","modified_gmt":"2018-05-14T12:46:24","slug":"spendenlauf","status":"publish","type":"page","link":"https:\/\/www.grundschule-birkesdorf.de\/?page_id=589","title":{"rendered":"Spendenlauf"},"content":{"rendered":"<p style=\"text-align: justify;\">Der Spendenlauf ist an unserer Schule mittlerweile fest etabliert. Dieser Lauf findet f\u00fcr alle Kinder auf einem etwa 3-Kilometer langen Rundparcours im Rurpark (Grillh\u00fctte) statt. Jedes Kind sucht sich vorab Sponsoren, die ihm f\u00fcr die jeweils zur\u00fcckgelegte Strecke einen bestimmten Geldbetrag versprechen. Das gespendete Geld geht an den F\u00f6rderverein unserer Schule, der damit zahlreiche Projekte unserer Schule unterst\u00fctzt.<\/p>\n<p style=\"text-align: justify;\">\u00a0<img loading=\"lazy\" decoding=\"async\" class=\"aligncenter size-full wp-image-1456\" src=\"https:\/\/www.grundschule-birkesdorf.de\/kgsbd\/wp-content\/uploads\/2018\/02\/2017-Rur.jpg\" alt=\"\" width=\"600\" height=\"450\" srcset=\"https:\/\/www.grundschule-birkesdorf.de\/kgsbd\/wp-content\/uploads\/2018\/02\/2017-Rur.jpg 600w, https:\/\/www.grundschule-birkesdorf.de\/kgsbd\/wp-content\/uploads\/2018\/02\/2017-Rur-300x225.jpg 300w\" sizes=\"auto, (max-width: 600px) 100vw, 600px\" \/><\/p>\n","protected":false},"excerpt":{"rendered":"<p>Der Spendenlauf ist an unserer Schule mittlerweile fest etabliert. Dieser Lauf findet f\u00fcr alle Kinder auf einem etwa 3-Kilometer langen Rundparcours im Rurpark (Grillh\u00fctte) statt. Jedes Kind sucht sich vorab Sponsoren, die ihm f\u00fcr die jeweils zur\u00fcckgelegte Strecke einen bestimmten &hellip; <a href=\"https:\/\/www.grundschule-birkesdorf.de\/?page_id=589\">Weiterlesen <span class=\"meta-nav\">&rarr;<\/span><\/a><\/p>\n","protected":false},"author":1,"featured_media":0,"parent":63,"menu_order":60,"comment_status":"closed","ping_status":"closed","template":"","meta":{"footnotes":""},"class_list":["post-589","page","type-page","status-publish","hentry"],"_links":{"self":[{"href":"https:\/\/www.grundschule-birkesdorf.de\/index.php?rest_route=\/wp\/v2\/pages\/589","targetHints":{"allow":["GET"]}}],"collection":[{"href":"https:\/\/www.grundschule-birkesdorf.de\/index.php?rest_route=\/wp\/v2\/pages"}],"about":[{"href":"https:\/\/www.grundschule-birkesdorf.de\/index.php?rest_route=\/wp\/v2\/types\/page"}],"author":[{"embeddable":true,"href":"https:\/\/www.grundschule-birkesdorf.de\/index.php?rest_route=\/wp\/v2\/users\/1"}],"replies":[{"embeddable":true,"href":"https:\/\/www.grundschule-birkesdorf.de\/index.php?rest_route=%2Fwp%2Fv2%2Fcomments&post=589"}],"version-history":[{"count":11,"href":"https:\/\/www.grundschule-birkesdorf.de\/index.php?rest_route=\/wp\/v2\/pages\/589\/revisions"}],"predecessor-version":[{"id":1523,"href":"https:\/\/www.grundschule-birkesdorf.de\/index.php?rest_route=\/wp\/v2\/pages\/589\/revisions\/1523"}],"up":[{"embeddable":true,"href":"https:\/\/www.grundschule-birkesdorf.de\/index.php?rest_route=\/wp\/v2\/pages\/63"}],"wp:attachment":[{"href":"https:\/\/www.grundschule-birkesdorf.de\/index.php?rest_route=%2Fwp%2Fv2%2Fmedia&parent=589"}],"curies":[{"name":"wp","href":"https:\/\/api.w.org\/{rel}","templated":true}]}}