{"id":640,"date":"2011-02-26T17:38:50","date_gmt":"2011-02-26T16:38:50","guid":{"rendered":"http:\/\/www.grundschule-birkesdorf.de\/?page_id=640"},"modified":"2018-05-14T13:44:20","modified_gmt":"2018-05-14T12:44:20","slug":"wir-feiern","status":"publish","type":"page","link":"https:\/\/www.grundschule-birkesdorf.de\/?page_id=640","title":{"rendered":"Wir feiern"},"content":{"rendered":"<h3 style=\"text-align: justify;\">St. Martin<\/h3>\n<p style=\"text-align: justify;\">Das Martinsfest findet allj\u00e4hrlich am Vorabend des 11. November statt (Den genauen Termin finden Sie in der Rubrik &#8222;Termine&#8220;).<br \/>\nUm 18.00 Uhr beginnt die Veranstaltung mit einem Wortgottesdienst in der Kath. Pfarrkirche St. Petrus. Von dort aus geht der Martinszug durch Birkesdorf zum Platz an der Festhalle, wo die Freiwillige Feuerwehr, L\u00f6schgruppe Birkesdorf, das Martinsfeuer abbrennt.<br \/>\nDie Organisation liegt in den H\u00e4nden der Grundschule Birkesdorf und der\u00a0 St. Petrus Sch\u00fctzenbruderschaft; die musikalische Begleitung erfolgt durch das Blasorchester Birkesdorf sowie das Tambourcorps Birkesdorf.<br \/>\nDer F\u00f6rderverein unserer Schule sorgt mit umfangreicher Bewirtung f\u00fcr einen gem\u00fctlichen Ausklang unter Beteiligung aller Mitwirkenden.<\/p>\n<h3 style=\"text-align: justify;\">Adventssingen<\/h3>\n<p style=\"text-align: justify;\">Im Advent sorgt der F\u00f6rderverein f\u00fcr einen adventlichen\/weihnachtlichen Schmuck im Schulgeb\u00e4ude. Im Unterricht werden Adventslieder mit den Kindern ge\u00fcbt und jeweils montags unter musikalischer Begleitung (Klavier, Gitarre) gemeinschaftlich gesungen.<\/p>\n<h3 style=\"text-align: justify;\">Karneval<\/h3>\n<p style=\"text-align: justify;\">Birkesdorf ist ein in vielfacher Hinsicht sehr aktiver Stadtteil der Stadt D\u00fcren, so auch im Karneval.<br \/>\nF\u00fcr unsere Schule bedeutet dies, dass wir Karneval mit den Kindern aktiv feiern. An Weiberfastnacht findet jeweils in der Turnhalle eine karnevalistische Veranstaltung statt.<br \/>\nGanz besonders freuen sich die Kinder immer \u00fcber den obligatorischen gemeinschaftlichen Beitrag des Lehrerkollegiums.<\/p>\n<p style=\"text-align: justify;\"><img loading=\"lazy\" decoding=\"async\" class=\"aligncenter size-full wp-image-434\" title=\"2010_kollegium_karneval\" src=\"https:\/\/www.grundschule-birkesdorf.de\/kgsbd\/wp-content\/uploads\/2010\/01\/2010_kollegium_karneval.jpg\" alt=\"\" width=\"450\" height=\"253\" srcset=\"https:\/\/www.grundschule-birkesdorf.de\/kgsbd\/wp-content\/uploads\/2010\/01\/2010_kollegium_karneval.jpg 450w, https:\/\/www.grundschule-birkesdorf.de\/kgsbd\/wp-content\/uploads\/2010\/01\/2010_kollegium_karneval-300x168.jpg 300w\" sizes=\"auto, (max-width: 450px) 100vw, 450px\" \/><\/p>\n","protected":false},"excerpt":{"rendered":"<p>St. Martin Das Martinsfest findet allj\u00e4hrlich am Vorabend des 11. November statt (Den genauen Termin finden Sie in der Rubrik &#8222;Termine&#8220;). Um 18.00 Uhr beginnt die Veranstaltung mit einem Wortgottesdienst in der Kath. Pfarrkirche St. Petrus. Von dort aus geht &hellip; <a href=\"https:\/\/www.grundschule-birkesdorf.de\/?page_id=640\">Weiterlesen <span class=\"meta-nav\">&rarr;<\/span><\/a><\/p>\n","protected":false},"author":1,"featured_media":0,"parent":63,"menu_order":40,"comment_status":"closed","ping_status":"closed","template":"","meta":{"footnotes":""},"class_list":["post-640","page","type-page","status-publish","hentry"],"_links":{"self":[{"href":"https:\/\/www.grundschule-birkesdorf.de\/index.php?rest_route=\/wp\/v2\/pages\/640","targetHints":{"allow":["GET"]}}],"collection":[{"href":"https:\/\/www.grundschule-birkesdorf.de\/index.php?rest_route=\/wp\/v2\/pages"}],"about":[{"href":"https:\/\/www.grundschule-birkesdorf.de\/index.php?rest_route=\/wp\/v2\/types\/page"}],"author":[{"embeddable":true,"href":"https:\/\/www.grundschule-birkesdorf.de\/index.php?rest_route=\/wp\/v2\/users\/1"}],"replies":[{"embeddable":true,"href":"https:\/\/www.grundschule-birkesdorf.de\/index.php?rest_route=%2Fwp%2Fv2%2Fcomments&post=640"}],"version-history":[{"count":9,"href":"https:\/\/www.grundschule-birkesdorf.de\/index.php?rest_route=\/wp\/v2\/pages\/640\/revisions"}],"predecessor-version":[{"id":1521,"href":"https:\/\/www.grundschule-birkesdorf.de\/index.php?rest_route=\/wp\/v2\/pages\/640\/revisions\/1521"}],"up":[{"embeddable":true,"href":"https:\/\/www.grundschule-birkesdorf.de\/index.php?rest_route=\/wp\/v2\/pages\/63"}],"wp:attachment":[{"href":"https:\/\/www.grundschule-birkesdorf.de\/index.php?rest_route=%2Fwp%2Fv2%2Fmedia&parent=640"}],"curies":[{"name":"wp","href":"https:\/\/api.w.org\/{rel}","templated":true}]}}