{"id":80,"date":"2010-01-29T19:21:26","date_gmt":"2010-01-29T18:21:26","guid":{"rendered":"http:\/\/www.grundschule-birkesdorf.de\/kgsbd\/?page_id=80"},"modified":"2018-05-14T11:30:12","modified_gmt":"2018-05-14T10:30:12","slug":"erziehungsvereinbarung","status":"publish","type":"page","link":"https:\/\/www.grundschule-birkesdorf.de\/?page_id=80","title":{"rendered":"Erziehungsvereinbarung"},"content":{"rendered":"<p style=\"text-align: justify;\">Die Erziehungsvereinbarung\u00a0 unserer Schule verfolgt den Zweck,\u00a0 die Aufgaben der Bildungs- und Erziehungsarbeit\u00a0 f\u00fcr alle Beteiligten transparent zu machen,\u00a0 jeweilige Rechte und Pflichten darzustellen sowie der p\u00e4dagogischen Arbeit unserer Schule verl\u00e4ssliche und verbindliche Vorgaben und Rahmenbedingungen zu geben. Insofern geht sie \u00fcber eine Schulordnung hinaus, die lediglich einen einseitig bindenden Verhaltenskodex f\u00fcr Sch\u00fclerinnen und Sch\u00fcler festlegt.\u00a0 Diese Erziehungsvereinbarung\u00a0 \u201eschwebt\u201c nicht isoliert im p\u00e4dagogischen Raum, sie basiert auf demokratisch grundlegenden Gesetzen unseres Landes.<\/p>\n<h3 style=\"text-align: justify;\">Auszug aus der Verfassung f\u00fcr das Land Nordrhein &#8211;\u00a0 Westfalen<\/h3>\n<p style=\"text-align: justify;\">Artikel 7 (2) und 7(6)<\/p>\n<p style=\"text-align: justify;\">Ehrfurcht vor Gott, Achtung vor der W\u00fcrde des Menschen und die Bereitschaft zum sozialen Handeln zu wecken, ist vornehmstes Ziel der Erziehung.<\/p>\n<p style=\"text-align: justify;\">Die Jugend soll erzogen werden im Geist der Menschlichkeit, der Demokratie und der Freiheit, zur Duldsamkeit und zur Achtung vor der \u00dcberzeugung des anderen, zur Verantwortung f\u00fcr die Erhaltung der nat\u00fcrlichen Lebensgrundlagen, in Liebe zu Volk und Heimat, zur V\u00f6lkergemeinschaft und Friedensgesinnung.<\/p>\n<p style=\"text-align: justify;\">Im Artikel 6 hei\u00dft es weiter:<\/p>\n<p style=\"text-align: justify;\">In Erziehung und Unterricht ist Offenheit und Toleranz gegen\u00fcber den unterschiedlichen religi\u00f6sen und weltanschaulichen \u00dcberzeugungen und Wertvorstellungen zu wahren und alles zu vermeiden, was die Empfindungen Andersdenkender verletzen k\u00f6nnte.<\/p>\n<p style=\"text-align: justify;\">Das Schulgesetz des Landes NRW vom 01.08. 2006 f\u00fchrt in \u00a7 42 (1) aus, dass sich aus dem \u00f6ffentlich-rechtlichen Schulverh\u00e4ltnis f\u00fcr alle Beteiligten Rechte und Pflichten ergeben.\u00a0 \u201eDies erfordert ihre vertrauensvolle Zusammenarbeit.\u201c (SchulG NRW vom 24.06. 2008; hier: \u00a7 42, Abs. 1, letzter Satz)<\/p>\n<h3 style=\"text-align: justify;\">Auszug aus dem Schulprogramm der KGS \u2013 Birkesdorf<\/h3>\n<h3 style=\"text-align: justify;\">Ziele unserer Schule<\/h3>\n<p style=\"text-align: justify;\">Unsere Schule versteht sich als Schule f\u00fcr alle Kinder. Die gegenseitige Akzeptanz und Offenheit f\u00fcr fremde Kulturen erm\u00f6glicht ein friedvolles Lernen. Damit orientiert sich unsere Erziehungs- und Bildungsarbeit an christlichen Wertvorstellungen.<\/p>\n<p style=\"text-align: justify;\">Die Erziehung zur R\u00fccksichtnahme und Toleranz, besonders durch Kenntnis des eigenen kulturellen Hintergrunds und die Entwicklung der Individualit\u00e4t des Kindes im Hinblick auf die Gemeinschaftsf\u00e4higkeit, bilden Schwerpunkte unserer p\u00e4dagogischen Arbeit. Ebenso wichtig ist, den Kindern einen angemessenen Umgang mit Mitsch\u00fclern und Erwachsenen und mit sich selbst nahe zu bringen.<\/p>\n<p style=\"text-align: justify;\">Wir verpflichten uns als <strong>Lehrerinnen\u00a0 und Lehrer<\/strong>,<\/p>\n<ul style=\"text-align: justify;\">\n<li>die Kinder anzuleiten, grundlegende Werte im t\u00e4glichen Miteinander umzusetzen sowie Hilfsbereitschaft und soziales Verhalten zu f\u00f6rdern,<\/li>\n<\/ul>\n<ul style=\"text-align: justify;\">\n<li>den Kindern\u00a0 gewaltfreie Konfliktl\u00f6sungen zu bieten,<\/li>\n<\/ul>\n<ul style=\"text-align: justify;\">\n<li>respektvoll und fair mit den Sch\u00fclern und Sch\u00fclerinnen umzugehen,<\/li>\n<\/ul>\n<ul style=\"text-align: justify;\">\n<li>Konsequenz und W\u00e4rme zu zeigen,<\/li>\n<\/ul>\n<ul style=\"text-align: justify;\">\n<li>Sch\u00fclerleistungen vorurteilsfrei und durchschaubar zu bewerten,<\/li>\n<\/ul>\n<ul style=\"text-align: justify;\">\n<li>die an der Schule geltenden Regeln konsequent und einheitlich einzufordern.<\/li>\n<\/ul>\n<p style=\"text-align: justify;\">Dabei<\/p>\n<ul style=\"text-align: justify;\">\n<li>behandeln wir unsere Sch\u00fcler und Sch\u00fclerinnen gerecht,<\/li>\n<\/ul>\n<ul style=\"text-align: justify;\">\n<li>geben wir sinnvolle Hausaufgaben auf, die das Kind in der Regel selbstst\u00e4ndig in einer angemessenen Zeit erledigen kann,<\/li>\n<\/ul>\n<ul style=\"text-align: justify;\">\n<li>achten wir auf Informationsfluss zwischen Schule und Elternhaus und f\u00fcr eine rechtzeitige Information bei allen schulischen Angelegenheiten. Gleiches gilt f\u00fcr den Kontakt der Lehrer und Lehrerinnen untereinander.<\/li>\n<\/ul>\n<ul style=\"text-align: justify;\">\n<li>fragen wir bei Eltern bei unentschuldigtem Fehlen nach,<\/li>\n<\/ul>\n<ul style=\"text-align: justify;\">\n<li>suchen wir bei Problemen das Gespr\u00e4ch mit allen Beteiligten und bieten auch au\u00dferschulisch Hilfen an,<\/li>\n<\/ul>\n<ul style=\"text-align: justify;\">\n<li>erf\u00fcllen wir unsere Aufsicht- und Unterrichtszeiten pflichtgem\u00e4\u00df,<\/li>\n<\/ul>\n<ul style=\"text-align: justify;\">\n<li>bereiten wir den Unterricht gut vor und gestalten ihn ansprechend,<\/li>\n<\/ul>\n<ul style=\"text-align: justify;\">\n<li>fordern wir bestm\u00f6glichste Leistungen, erm\u00f6glichen dazu aber auch notwendige F\u00f6rderungen und selbst\u00e4ndiges Lernen,<\/li>\n<\/ul>\n<ul style=\"text-align: justify;\">\n<li>halten wir die hier angesprochenen Umgangsregeln und Tugenden in besonderen Ma\u00dfe ein, da wir uns unserer Vorbildrolle sehr bewusst sind.<\/li>\n<\/ul>\n<p style=\"text-align: justify;\">Wir verpflichten uns als<strong> Sch\u00fclerinnen und Sch\u00fcler<\/strong>,<\/p>\n<ul style=\"text-align: justify;\">\n<li>alle Regeln, die im Haus, auf dem Hof, und in der Lerngruppe gelten, einzuhalten und Anordnungen der Lehrerinnen\/Lehrer, sozialp\u00e4dagogischen Fachkr\u00e4ften und des Hausmeisters einzuhalten und zu befolgen,<\/li>\n<\/ul>\n<ul style=\"text-align: justify;\">\n<li>aufmerksam dem gesamten Unterricht zu folgen und mitzuarbeiten,<\/li>\n<\/ul>\n<ul style=\"text-align: justify;\">\n<li>Hausaufgaben und andere Aufgaben (Klassendienste) zuverl\u00e4ssig zu erledigen,<\/li>\n<\/ul>\n<ul style=\"text-align: justify;\">\n<li>s\u00e4mtliche Unterrichtsmaterialien (auch Sport- und Schwimmsachen) in einem ordentlichen Zustand mitzubringen und sauber zu halten,<\/li>\n<\/ul>\n<ul style=\"text-align: justify;\">\n<li>Mitteilungen an Eltern sofort weiterzugeben,<\/li>\n<\/ul>\n<ul style=\"text-align: justify;\">\n<li>das Eigentum anderer zu achten und nichts zu besch\u00e4digen oder zu zerst\u00f6ren,<\/li>\n<\/ul>\n<ul style=\"text-align: justify;\">\n<li>keine Gewalt anzuwenden und Mitsch\u00fclerinnen \/ Mitsch\u00fcler, sowie Erwachsene, nicht mit Schimpfw\u00f6rtern zu beleidigen,<\/li>\n<\/ul>\n<ul style=\"text-align: justify;\">\n<li>mitzuhelfen, dass alles sauber bleibt,<\/li>\n<\/ul>\n<ul style=\"text-align: justify;\">\n<li>h\u00f6flich, freundlich und hilfsbereit mit allen in der Schule umzugehen.<\/li>\n<\/ul>\n<p style=\"text-align: justify;\">Wir verpflichten uns als <strong>Eltern und Erziehungsberechtigte<\/strong>,<\/p>\n<ul style=\"text-align: justify;\">\n<li>Interesse f\u00fcr die schulische Entwicklung unseres Kindes zu zeigen, sie zu unterst\u00fctzen und Zeit f\u00fcr sie zu haben,<\/li>\n<\/ul>\n<ul style=\"text-align: justify;\">\n<li>f\u00fcr die Lehrerinnen und Lehrer erreichbar zu sein und Gespr\u00e4chsangebote der Schule (Pflegschaften, Sprechtage, Mitteilungen der Postmappe und Hausaufgabenheft) wahrzunehmen und davon Gebrauch zu machen,<\/li>\n<\/ul>\n<ul style=\"text-align: justify;\">\n<li>bei Verst\u00f6\u00dfen unseres Kindes gegen die schulischen Regeln gemeinsam mit der Schule eine L\u00f6sung zu finden,<\/li>\n<\/ul>\n<ul style=\"text-align: justify;\">\n<li>unser Kind bei Erkrankung und Fehlen rechtzeitig vor Unterrichtsbeginn zu entschuldigen,<\/li>\n<\/ul>\n<ul style=\"text-align: justify;\">\n<li>unser Kind p\u00fcnktlich und ausgeschlafen in die Schule zu schicken,<\/li>\n<\/ul>\n<ul style=\"text-align: justify;\">\n<li>wenn unser Kind zur Schule gefahren wird, uns an die abgesprochenen Regeln und an die Stra\u00dfenverkehrsordnung zu halten,<\/li>\n<\/ul>\n<ul style=\"text-align: justify;\">\n<li>unserem Kind ein ausgewogenes Fr\u00fchst\u00fcck mitzugeben,<\/li>\n<\/ul>\n<ul style=\"text-align: justify;\">\n<li>f\u00fcr die vollst\u00e4ndige Bereitstellung der Arbeitsmaterialien sowie Sport- und Schwimmkleidung und den pfleglichen Umgang damit zu sorgen (schuleigene B\u00fccher ersetzen wir bei selbstverschuldeter Besch\u00e4digung, bei gebrauchten B\u00fcchern wird ein anteiliger Betrag gezahlt),<\/li>\n<\/ul>\n<ul style=\"text-align: justify;\">\n<li>t\u00e4glich in die Postmappe \/ in das Hausaufgabenheft unseres Kindes zu gucken (Mitteilungen der Schule an Eltern und umgekehrt),<\/li>\n<\/ul>\n<ul style=\"text-align: justify;\">\n<li>darauf zu achten, dass die Hausaufgaben vollst\u00e4ndig und ordentlich erledigt werden,<\/li>\n<\/ul>\n<ul style=\"text-align: justify;\">\n<li>unser Kind zur Selbstst\u00e4ndigkeit anzuleiten (An- und Ausziehen, Schuhe schn\u00fcren, Ordnung im Schulranzen, \u2026),<\/li>\n<\/ul>\n<ul style=\"text-align: justify;\">\n<li>im Sinne von verantwortlichem und vorbildlichem Verhalten an Schulveranstaltungen au\u00dferhalb der Unterrichtszeit (z.B. Schulfeste \/ Sportfeste) m\u00f6glichst aktiv mitzuarbeiten.<\/li>\n<\/ul>\n","protected":false},"excerpt":{"rendered":"<p>Die Erziehungsvereinbarung\u00a0 unserer Schule verfolgt den Zweck,\u00a0 die Aufgaben der Bildungs- und Erziehungsarbeit\u00a0 f\u00fcr alle Beteiligten transparent zu machen,\u00a0 jeweilige Rechte und Pflichten darzustellen sowie der p\u00e4dagogischen Arbeit unserer Schule verl\u00e4ssliche und verbindliche Vorgaben und Rahmenbedingungen zu geben. Insofern geht &hellip; <a href=\"https:\/\/www.grundschule-birkesdorf.de\/?page_id=80\">Weiterlesen <span class=\"meta-nav\">&rarr;<\/span><\/a><\/p>\n","protected":false},"author":1,"featured_media":0,"parent":553,"menu_order":30,"comment_status":"closed","ping_status":"closed","template":"","meta":{"footnotes":""},"class_list":["post-80","page","type-page","status-publish","hentry"],"_links":{"self":[{"href":"https:\/\/www.grundschule-birkesdorf.de\/index.php?rest_route=\/wp\/v2\/pages\/80","targetHints":{"allow":["GET"]}}],"collection":[{"href":"https:\/\/www.grundschule-birkesdorf.de\/index.php?rest_route=\/wp\/v2\/pages"}],"about":[{"href":"https:\/\/www.grundschule-birkesdorf.de\/index.php?rest_route=\/wp\/v2\/types\/page"}],"author":[{"embeddable":true,"href":"https:\/\/www.grundschule-birkesdorf.de\/index.php?rest_route=\/wp\/v2\/users\/1"}],"replies":[{"embeddable":true,"href":"https:\/\/www.grundschule-birkesdorf.de\/index.php?rest_route=%2Fwp%2Fv2%2Fcomments&post=80"}],"version-history":[{"count":7,"href":"https:\/\/www.grundschule-birkesdorf.de\/index.php?rest_route=\/wp\/v2\/pages\/80\/revisions"}],"predecessor-version":[{"id":1497,"href":"https:\/\/www.grundschule-birkesdorf.de\/index.php?rest_route=\/wp\/v2\/pages\/80\/revisions\/1497"}],"up":[{"embeddable":true,"href":"https:\/\/www.grundschule-birkesdorf.de\/index.php?rest_route=\/wp\/v2\/pages\/553"}],"wp:attachment":[{"href":"https:\/\/www.grundschule-birkesdorf.de\/index.php?rest_route=%2Fwp%2Fv2%2Fmedia&parent=80"}],"curies":[{"name":"wp","href":"https:\/\/api.w.org\/{rel}","templated":true}]}}