{"id":85,"date":"2010-01-29T19:28:19","date_gmt":"2010-01-29T18:28:19","guid":{"rendered":"http:\/\/www.grundschule-birkesdorf.de\/kgsbd\/?page_id=85"},"modified":"2025-10-12T14:18:32","modified_gmt":"2025-10-12T13:18:32","slug":"forderverein","status":"publish","type":"page","link":"https:\/\/www.grundschule-birkesdorf.de\/?page_id=85","title":{"rendered":"F\u00f6rderverein"},"content":{"rendered":"<p style=\"text-align: center;\"><img loading=\"lazy\" decoding=\"async\" class=\"aligncenter size-full wp-image-469\" title=\"Logo_Foerderverein\" src=\"https:\/\/www.grundschule-birkesdorf.de\/kgsbd\/wp-content\/uploads\/2010\/01\/Logo_Foerderverein.jpg\" alt=\"\" width=\"300\" height=\"212\" srcset=\"https:\/\/www.grundschule-birkesdorf.de\/kgsbd\/wp-content\/uploads\/2010\/01\/Logo_Foerderverein.jpg 500w, https:\/\/www.grundschule-birkesdorf.de\/kgsbd\/wp-content\/uploads\/2010\/01\/Logo_Foerderverein-300x212.jpg 300w\" sizes=\"auto, (max-width: 300px) 100vw, 300px\" \/><\/p>\n<p style=\"text-align: justify;\">Seit Jahren unterst\u00fctzt der F\u00f6rderverein der St\u00e4dtischen Gemeinschaftsgrundschule Birkesdorf das Schulleben unserer Schule in herausragender Weise. Engagierte Eltern sowie Kolleginnen und Kollegen veranstalten in regelm\u00e4\u00dfiger Folge ein Schulfest, dessen Erl\u00f6s den Kindern unserer Schule direkt z.B. in Form von Anschaffungen f\u00fcr den Unterricht und die Pausengestaltung, einem Besuch des Aachener Theaters und Unterst\u00fctzung von Klassenfahrten zugute kommt.<\/p>\n<p>Alle vier Jahre erm\u00f6glicht unser F\u00f6rderverein es, dass Circus Rondel mit uns eine Zirkus-Projektwoche durchf\u00fchrt! Das n\u00e4chste Mal findet die Projektwoche im November 2025 statt.<\/p>\n<p style=\"text-align: justify;\">Mit der Unterst\u00fctzung des F\u00f6rdervereins unterst\u00fctzt uns in vielerlei Hinsicht. Ein moderner Risograph im Kopierraum der Schule erleichtert die t\u00e4gliche Arbeit der Lehrerinnen und Lehrer.\u00a0 Einen ganz ma\u00dfgeblichen Beitrag hat der F\u00f6rderverein bei der Neugestaltung unseres Schulhofs geleistet: Mit einer Summe in H\u00f6he\u00a0 von 6.000\u20ac hat der F\u00f6rderverein den Schultr\u00e4ger unterst\u00fctzt!<\/p>\n<p>Toiletten<strong><span style=\"text-decoration: underline;\"><br \/>\n<\/span><\/strong><\/p>\n<p style=\"text-align: justify;\">\u00a0Wie an vielen Gemeinschaftseinrichtungen und speziell Schulen \u00fcblich, besch\u00e4ftigt uns das Thema \u201eToiletten\u201c seit Jahren dahingehend, dass immer wieder \u00fcber den mangelnden hygienischen Zustand geklagt wird. Die Toiletten wurden umfangreich saniert und sind fertiggestellt.<\/p>\n<p style=\"text-align: justify;\">Weiterhin k\u00fcmmert sich der F\u00f6rderverein darum,<\/p>\n<ul>\n<li>dass die Schule eine eigene Schulb\u00fccherei hat und diese sich stets auf dem neuesten Stand befindet,<\/li>\n<li>dass es ein zus\u00e4tzliches Betreuungsangebot &#8222;Die Regenbogengruppe&#8220;\u00a0gibt,<\/li>\n<li>dass notwendige Arbeits- \/ und Bastelmaterialien bezuschusst werden,<\/li>\n<li>dass es am St. Martin nicht nur Weckm\u00e4nner, sondern auch einen netten Rahmen mit Gl\u00fchwein, Kaffee und Kakao gibt,<\/li>\n<li>dass Spielmaterialien f\u00fcr den Schulhof angeschafft werden k\u00f6nnen,<\/li>\n<li>dass am Ende des Schuljahres jedes Kind ein Sommerferien-Eis erh\u00e4lt,<\/li>\n<li>dass die Schule f\u00fcr gr\u00f6\u00dfere Anschaffungen notwendige Gelder erh\u00e4lt,<\/li>\n<li>dass regelm\u00e4\u00dfige Modernisierungen vorangetrieben werden,<\/li>\n<li>das f\u00e4cher\u00fcbergreifende Projekte bezuschusst werden,<\/li>\n<li>dass die Aktualisierung und Erweiterung des Informatikunterrichts gew\u00e4hrleistet ist.<\/li>\n<\/ul>\n<p style=\"text-align: justify;\">Dem Vorstand des F\u00f6rdervereins unserer Schule geh\u00f6ren derzeit folgende Personen an:<\/p>\n<p>\u2022\u00a0\u00a0\u00a0 Herr Roger M\u00fcller (1. Vorsitzender)<br \/>\n\u2022\u00a0\u00a0 \u00a0Herr Goran Rakocija (2. Vorsitzender)<br \/>\n\u2022\u00a0\u00a0\u00a0 Frau T\u00fclin Tali (Schatzmeisterin)<br \/>\n\u2022\u00a0\u00a0 \u00a0Frau Sandra Freyaldenhoven (Schriftf\u00fchrerin)<br \/>\n\u2022\u00a0\u00a0 \u00a0Herr Frank Hamboch (Vorsitzender der Schulpflegschaft)<br \/>\n\u2022\u00a0\u00a0 \u00a0Frau Kerry Anne Hennen (Schulleiterin)<br \/>\n\u2022\u00a0\u00a0\u00a0 Frau Kimberley Jacobs &amp; Gianna Wingens (stellvertretende Schulleitung)<\/p>\n<p style=\"text-align: justify;\">Sollten Sie Interesse haben, die Mitgliedschaft im F\u00f6rderverein der St\u00e4dtischen Gemeinschaftsgrundschule Birkesdorf zu beantragen, senden Sie bitte eine E-Mail an uns und \/ oder \u00fcberweisen Sie einen Betrag von 12 Euro im Jahr als Beitrag zum F\u00f6rderverein.<\/p>\n<p>foerderverein@grundschule-birkesdorf.de<\/p>\n<p>Unsere Kontonummer lautet: DE74395501100049438708<\/p>\n<p style=\"text-align: justify;\">\n","protected":false},"excerpt":{"rendered":"<p>Seit Jahren unterst\u00fctzt der F\u00f6rderverein der St\u00e4dtischen Gemeinschaftsgrundschule Birkesdorf das Schulleben unserer Schule in herausragender Weise. Engagierte Eltern sowie Kolleginnen und Kollegen veranstalten in regelm\u00e4\u00dfiger Folge ein Schulfest, dessen Erl\u00f6s den Kindern unserer Schule direkt z.B. in Form von Anschaffungen &hellip; <a href=\"https:\/\/www.grundschule-birkesdorf.de\/?page_id=85\">Weiterlesen <span class=\"meta-nav\">&rarr;<\/span><\/a><\/p>\n","protected":false},"author":1,"featured_media":0,"parent":0,"menu_order":32,"comment_status":"closed","ping_status":"closed","template":"","meta":{"footnotes":""},"class_list":["post-85","page","type-page","status-publish","hentry"],"_links":{"self":[{"href":"https:\/\/www.grundschule-birkesdorf.de\/index.php?rest_route=\/wp\/v2\/pages\/85","targetHints":{"allow":["GET"]}}],"collection":[{"href":"https:\/\/www.grundschule-birkesdorf.de\/index.php?rest_route=\/wp\/v2\/pages"}],"about":[{"href":"https:\/\/www.grundschule-birkesdorf.de\/index.php?rest_route=\/wp\/v2\/types\/page"}],"author":[{"embeddable":true,"href":"https:\/\/www.grundschule-birkesdorf.de\/index.php?rest_route=\/wp\/v2\/users\/1"}],"replies":[{"embeddable":true,"href":"https:\/\/www.grundschule-birkesdorf.de\/index.php?rest_route=%2Fwp%2Fv2%2Fcomments&post=85"}],"version-history":[{"count":40,"href":"https:\/\/www.grundschule-birkesdorf.de\/index.php?rest_route=\/wp\/v2\/pages\/85\/revisions"}],"predecessor-version":[{"id":3041,"href":"https:\/\/www.grundschule-birkesdorf.de\/index.php?rest_route=\/wp\/v2\/pages\/85\/revisions\/3041"}],"wp:attachment":[{"href":"https:\/\/www.grundschule-birkesdorf.de\/index.php?rest_route=%2Fwp%2Fv2%2Fmedia&parent=85"}],"curies":[{"name":"wp","href":"https:\/\/api.w.org\/{rel}","templated":true}]}}